{"id":421,"date":"2024-04-20T20:36:03","date_gmt":"2024-04-20T20:36:03","guid":{"rendered":"https:\/\/riverbeartrading.com\/?page_id=421"},"modified":"2024-07-11T00:29:30","modified_gmt":"2024-07-11T00:29:30","slug":"disclaimers-of-liability","status":"publish","type":"page","link":"https:\/\/riverbeartrading.com\/es\/disclaimers-of-liability\/","title":{"rendered":"Disclaimers of Liability"},"content":{"rendered":"<div data-elementor-type=\"wp-page\" data-elementor-id=\"421\" class=\"elementor elementor-421\" data-elementor-post-type=\"page\">\n\t\t\t\t<div class=\"elementor-element elementor-element-2a937769 e-flex e-con-boxed e-con e-parent\" data-id=\"2a937769\" data-element_type=\"container\">\n\t\t\t\t\t<div class=\"e-con-inner\">\n\t\t\t\t<div class=\"elementor-element elementor-element-6bdaa671 elementor-widget elementor-widget-spacer\" data-id=\"6bdaa671\" data-element_type=\"widget\" data-widget_type=\"spacer.default\">\n\t\t\t\t<div class=\"elementor-widget-container\">\n\t\t\t\t\t\t\t<div class=\"elementor-spacer\">\n\t\t\t<div class=\"elementor-spacer-inner\"><\/div>\n\t\t<\/div>\n\t\t\t\t\t\t<\/div>\n\t\t\t\t<\/div>\n\t\t\t\t<div class=\"elementor-element elementor-element-75833451 elementor-widget elementor-widget-text-editor\" data-id=\"75833451\" data-element_type=\"widget\" data-widget_type=\"text-editor.default\">\n\t\t\t\t<div class=\"elementor-widget-container\">\n\t\t\t\t\t\t\t\t\t<h3>Descargo de Responsabilidad<\/h3><p>Actualizado en 2024-04-20<\/p><p>River Bear Trading le garantiza el acceso a https:\/\/riverbeartrading.com\/ (\"el Sitio Web\") y le invita a adquirir los servicios que aqu\u00ed se ofrecen.<\/p><h3>\u00a0<\/h3><h3>Definiciones y t\u00e9rminos clave<\/h3><p>Para ayudar a explicar las cosas tan claramente como sea posible en este Descargo de responsabilidad, siempre que cualquiera de estos t\u00e9rminos se refiere, est\u00e1n estrictamente definidos como:<\/p><ul><li>Cookie: Una peque\u00f1a cantidad de datos generados por un sitio web y almacenada en el navegador web. Se utiliza para identificar su navegador, an\u00e1lisis, recordar la informaci\u00f3n acerca de usted, tal como su preferencia de idioma o informaci\u00f3n de inicio de sesi\u00f3n.<\/li><li>Company: when this Disclaimer mentions &#8220;Company&#8221;, &#8220;we&#8221;, &#8220;us&#8221;, &#8220;us&#8221; or &#8220;our&#8221;, it refers to River Bear Trading, which is responsible for your information under this Disclaimer.<\/li><li>Plataforma: River Bear Trading de Internet del sitio web, aplicaci\u00f3n web o el p\u00fablico digital de la aplicaci\u00f3n.<\/li><li>Servicio: se refiere al servicio prestado por el River Bear Trading, como se describe en t\u00e9rminos relativos (si est\u00e1 disponible) y en esta plataforma.<\/li><li>P\u00e1gina web: Sitio web de River Bear Trading, al que se puede acceder a trav\u00e9s de esta URL: https:\/\/riverbeartrading.com\/<\/li><li>Usted: una persona o entidad que est\u00e1 registrado con el River Bear Trading para el uso de los Servicios.<\/li><\/ul><h3>De Responsabilidad Limitada<\/h3><p>R\u00edo Oso de Comercio se esfuerza por actualizar y\/o complementar el contenido de la plataforma sobre una base regular. A pesar de nuestro cuidado y atenci\u00f3n, el contenido puede ser incompleta y\/o incorrecta.<\/p><p>Los materiales ofrecidos en la plataforma se proporciona sin ninguna garant\u00eda o representaci\u00f3n en cuanto a su exactitud. Estos materiales pueden ser modificados en cualquier momento sin previo aviso de R\u00edo Oso de Comercio.<\/p><p>En particular, todos los precios de la plataforma est\u00e1n sujetos a escribir y errores de programaci\u00f3n. No se asume responsabilidad por las consecuencias de tales errores. No hay acuerdo es la conclusi\u00f3n sobre la base de dichos errores.<\/p><p>R\u00edo Oso de Comercio que no asumir\u00e1 responsabilidad alguna por los hiperv\u00ednculos a sitios web de terceros o servicios incluidos en la plataforma. Desde nuestra plataforma, usted puede visitar otros sitios web siguiendo los enlaces a sitios externos. Mientras nos esforzamos para proporcionar s\u00f3lo la calidad de enlaces \u00fatiles y \u00e9tico de los sitios web, no tenemos ning\u00fan control sobre el contenido y la naturaleza de estos sitios. Estos enlaces a otros sitios web no implica una recomendaci\u00f3n para todos los contenidos que se encuentran en estos sitios. Los propietarios de los sitios y el contenido puede cambiar sin previo aviso y puede ocurrir antes de que tengan la oportunidad de eliminar un enlace que puede haber un error.<\/p><p>Tambi\u00e9n tenga en cuenta que cuando salga de nuestra plataforma, otros sitios pueden tener diferentes pol\u00edticas de privacidad y t\u00e9rminos que no est\u00e1n bajo nuestro control. Aseg\u00farese de revisar las Pol\u00edticas de Privacidad de estos sitios, as\u00ed como sus &#034;T\u00e9rminos de Servicio&#034; antes de participar en cualquier negocio o subir cualquier informaci\u00f3n.<\/p><h3>Responsabilidad de los Enlaces a Otros Sitios Web<\/h3><p>Esta exenci\u00f3n s\u00f3lo se aplica a los Servicios. Los Servicios pueden contener enlaces a otros sitios web que R\u00edo Oso de Comercio no opera ni controla. No nos hacemos responsables por el contenido, exactitud u opiniones expresadas en dichos sitios web, y dichos sitios web no son investigados, supervisados o controlados por nosotros, por la precisi\u00f3n o integridad. Por favor, recuerde que cuando usted utiliza un enlace para ir de los Servicios a otro sitio web, nuestra Pol\u00edtica de Privacidad ya no est\u00e1 en vigor. Su navegaci\u00f3n e interacci\u00f3n en cualquier otro sitio web, incluyendo aquellos que tienen un v\u00ednculo en nuestra plataforma, est\u00e1n sujetos a la propia p\u00e1gina web las normas y pol\u00edticas. Dichos terceros pueden utilizar sus propias cookies u otros m\u00e9todos para recopilar informaci\u00f3n acerca de usted. Si hace clic en un enlace de un tercero, usted ser\u00e1 dirigido a la tercera parte del sitio. Le recomendamos que revise la Pol\u00edtica de Privacidad y Condiciones de cada sitio que visite.<\/p><p>No tenemos ning\u00fan control sobre, y no asume ninguna responsabilidad por el contenido, pol\u00edticas de privacidad o las pr\u00e1cticas de sitios de terceros o servicios.<\/p><h3>Descargo de responsabilidad por los Errores y Omisiones<\/h3><p>R\u00edo Oso de Comercio no es responsable por cualquier contenido, c\u00f3digo, o cualquier otro tipo.<\/p><p>R\u00edo Oso de Comercio no ofrece garant\u00edas.<\/p><p>En ning\u00fan caso el R\u00edo Bear Comercial ser\u00e1 responsable por da\u00f1os especiales, directos, indirectos, consecuentes o incidentales o da\u00f1os de cualquier tipo, ya sea en una acci\u00f3n de contrato, negligencia u otro agravio, que surjan de o en conexi\u00f3n con, el uso del Servicio o el contenido del Servicio. R\u00edo Oso de Comercio se reserva el derecho a realizar adiciones, supresiones o modificaciones al contenido del Servicio en cualquier momento sin previo aviso.<\/p><h3>Limitaci\u00f3n General De Responsabilidad<\/h3><p>El R\u00edo del Oso de Comercio Servicio y su contenido se proporcionan &#034;como es&#034; y &#034;como disponible&#034; sin ninguna garant\u00eda o representaci\u00f3n de ning\u00fan tipo, ya sea expresa o impl\u00edcita. R\u00edo Oso de Comercio es un distribuidor y no un editor de los contenidos proporcionados por terceros; como tal, R\u00edo Oso de Comercio no ejerce ning\u00fan control editorial sobre dichos contenidos, y no hace ninguna garant\u00eda o representaci\u00f3n en cuanto a la exactitud, fiabilidad o actualidad de cualquier informaci\u00f3n, contenido, servicios o mercanc\u00edas disponibles o accesibles a trav\u00e9s del R\u00edo Bear Servicio de Comercio. Sin perjuicio de lo anterior, R\u00edo Oso de Comercio expresamente renuncia a todas las garant\u00edas y representaciones en cualquier contenido transmitido en conexi\u00f3n con el R\u00edo Bear Servicio de Comercio o en sitios a los que puede aparecer como enlaces en el R\u00edo Oso de Comercio o de Servicio, o en los productos proporcionados como parte de o en conexi\u00f3n con el R\u00edo Bear Comercio de Servicios, incluyendo, sin limitaci\u00f3n, las garant\u00edas de comerciabilidad, idoneidad para un prop\u00f3sito particular o de no infracci\u00f3n de derechos de terceros. Ning\u00fan consejo oral o informaci\u00f3n escrita facilitada por el R\u00edo del Oso de Comercio o de cualquiera de sus afiliadas, empleados, oficiales, directores, agentes o similares crear\u00e1 una garant\u00eda. Los precios y la disponibilidad de la informaci\u00f3n est\u00e1 sujeta a cambios sin previo aviso. Sin perjuicio de lo anterior, R\u00edo Oso de Comercio no garantiza que el R\u00edo Bear Comercio de Servicio ser\u00e1 ininterrumpido, corrupcion, oportuna o libre de errores.<\/p><h3>Renuncia De Copyright<\/h3><p>Todos los derechos de propiedad intelectual relacionados con estos materiales pertenecen a R\u00edo Oso de Comercio. La copia, distribuci\u00f3n o cualquier otro uso de estos materiales no est\u00e1 permitida sin el permiso escrito del R\u00edo Bear Comercio, excepto y \u00fanicamente en la medida en que se disponga lo contrario en la legislaci\u00f3n vigente reglamento (tales como el derecho de cita), a menos que se indique lo contrario en ciertos materiales.<\/p><h3>La Publicidad De Divulgaci\u00f3n<\/h3><p>Esta plataforma puede contener anuncios de terceros y enlaces a sitios de terceros. River Bear Trading no hace ninguna representaci\u00f3n en cuanto a la exactitud o idoneidad de la informaci\u00f3n contenida en los anuncios o sitios, y no acepta ninguna responsabilidad o responsabilidad por la conducta o el contenido de dichos anuncios y los sitios y las ofertas presentadas por terceros.<\/p><p>La publicidad mantiene River Bear Trading y muchos de los sitios web y los servicios que utilizas de forma gratuita. Trabajamos duro para asegurarse de que los anuncios sean seguros, discretos y tan relevante como sea posible.<\/p><p>Anuncios de terceros y enlaces a otros sitios donde los bienes o servicios que se anuncian no son endosos o recomendaciones por el River Bear Trading de los sitios de terceros, bienes o servicios. River Bear Trading no asume ninguna responsabilidad por el contenido de los anuncios, las promesas hechas o la calidad\/fiabilidad de los productos o servicios que se ofrecen en todos los anuncios.<\/p><h3>La divulgaci\u00f3n de Testimonios<\/h3><p>Los testimonios en esta plataforma son las opiniones de aquellos que disponen de ellos. La informaci\u00f3n proporcionada en los testimonios no deben ser tomadas en consideraci\u00f3n para predecir los resultados en su situaci\u00f3n espec\u00edfica. Los resultados de la experiencia depender\u00e1 de muchos factores, incluyendo, pero no limitado a, su grado de responsabilidad, compromiso y habilidad, as\u00ed como aquellos factores que usted y\/o R\u00edo del Oso de Comercio puede no ser capaz de anticipar.<\/p><p>Vamos a dar honesto testimonios de nuestros visitantes, independientemente de los descuentos. Cualquiera de los productos o servicios que ponemos a prueba son experiencias individuales, lo que refleja experiencias de la vida real. Los testimonios pueden ser mostrados en el audio, texto o video y no son necesariamente representativos de todos aquellos que usan nuestros productos y\/o servicios.<\/p><p>R\u00edo Oso de Comercio no garantiza los mismos resultados que los testimonios en nuestra plataforma. Los testimonios presentados en el R\u00edo Oso de Comercio son aplicables a los individuos que escriben y no pueden ser indicativos de que el \u00e9xito futuro de los dem\u00e1s.<\/p><p>Si\u00e9ntase libre de contactar con nosotros si desea obtener m\u00e1s informaci\u00f3n acerca de los testimonios, descuentos o cualquiera de los productos\/servicios que revisar.<\/p><h3>Su consentimiento<\/h3><p>Hemos actualizado nuestro Descargo de responsabilidad para proveer de usted con total transparencia acerca de lo que se indica cuando usted visita nuestro sitio web y c\u00f3mo se utiliza. Mediante el uso de nuestra plataforma, el registro de una cuenta o realizar una compra, usted acepta nuestra Renuncia y acepta sus t\u00e9rminos.<\/p><h3>Los cambios en nuestro Descargo de Responsabilidad<\/h3><p>Podemos actualizar, modificar o realizar cambios a este documento para reflejar con precisi\u00f3n nuestro Servicio y nuestras pol\u00edticas. A menos que la ley exija lo contrario, los cambios se exhibir\u00e1n aqu\u00ed. A partir de entonces, si usted contin\u00faa utilizando el Servicio, usted estar\u00e1 sujeto a la actualizaci\u00f3n de la Renuncia. Si usted no desea aceptar esta o cualquier actualizado descargo de responsabilidad, puede eliminar su cuenta.<\/p><h3>P\u00f3ngase en contacto con nosotros en<\/h3><p>Por favor, no dude en ponerse en contacto con nosotros si usted tiene alguna pregunta acerca de este aviso legal.<\/p><ul><li>Por e-mail:<a href=\"mailto:info@riverbeartrading.com\"><b>info@<\/b>riverbeartrading.com<\/a><\/li><li>A trav\u00e9s del n\u00famero de tel\u00e9fono: +1 941 577 9728<\/li><\/ul>\t\t\t\t\t\t\t\t<\/div>\n\t\t\t\t<\/div>\n\t\t\t\t<div class=\"elementor-element elementor-element-4f08e81 elementor-widget elementor-widget-spacer\" data-id=\"4f08e81\" data-element_type=\"widget\" data-widget_type=\"spacer.default\">\n\t\t\t\t<div class=\"elementor-widget-container\">\n\t\t\t\t\t\t\t<div class=\"elementor-spacer\">\n\t\t\t<div class=\"elementor-spacer-inner\"><\/div>\n\t\t<\/div>\n\t\t\t\t\t\t<\/div>\n\t\t\t\t<\/div>\n\t\t\t\t\t<\/div>\n\t\t\t\t<\/div>\n\t\t\t\t<\/div>","protected":false},"excerpt":{"rendered":"<p>Disclaimer of Liability Updated on 2024-04-20 River Bear Trading hereby grants you access to https:\/\/riverbeartrading.com\/ (&#8220;the Website&#8221;) and invites you to purchase the services offered here. \u00a0 Definitions and key terms To help explain things as clearly as possible in this Disclaimer, whenever any of these terms are referred to, they are strictly defined as: [&hellip;]<\/p>","protected":false},"author":1,"featured_media":0,"parent":0,"menu_order":0,"comment_status":"closed","ping_status":"closed","template":"","meta":{"footnotes":""},"class_list":["post-421","page","type-page","status-publish","hentry"],"_links":{"self":[{"href":"https:\/\/riverbeartrading.com\/es\/wp-json\/wp\/v2\/pages\/421"}],"collection":[{"href":"https:\/\/riverbeartrading.com\/es\/wp-json\/wp\/v2\/pages"}],"about":[{"href":"https:\/\/riverbeartrading.com\/es\/wp-json\/wp\/v2\/types\/page"}],"author":[{"embeddable":true,"href":"https:\/\/riverbeartrading.com\/es\/wp-json\/wp\/v2\/users\/1"}],"replies":[{"embeddable":true,"href":"https:\/\/riverbeartrading.com\/es\/wp-json\/wp\/v2\/comments?post=421"}],"version-history":[{"count":10,"href":"https:\/\/riverbeartrading.com\/es\/wp-json\/wp\/v2\/pages\/421\/revisions"}],"predecessor-version":[{"id":989,"href":"https:\/\/riverbeartrading.com\/es\/wp-json\/wp\/v2\/pages\/421\/revisions\/989"}],"wp:attachment":[{"href":"https:\/\/riverbeartrading.com\/es\/wp-json\/wp\/v2\/media?parent=421"}],"curies":[{"name":"wp","href":"https:\/\/api.w.org\/{rel}","templated":true}]}}