{"id":429,"date":"2024-04-20T20:44:37","date_gmt":"2024-04-20T20:44:37","guid":{"rendered":"https:\/\/riverbeartrading.com\/?page_id=429"},"modified":"2024-07-10T21:17:34","modified_gmt":"2024-07-10T21:17:34","slug":"cookie-policy","status":"publish","type":"page","link":"https:\/\/riverbeartrading.com\/es\/cookie-policy\/","title":{"rendered":"Pol\u00edtica De Cookies"},"content":{"rendered":"<div data-elementor-type=\"wp-page\" data-elementor-id=\"429\" class=\"elementor elementor-429\" data-elementor-post-type=\"page\">\n\t\t\t\t<div class=\"elementor-element elementor-element-3d8e046c e-flex e-con-boxed e-con e-parent\" data-id=\"3d8e046c\" data-element_type=\"container\">\n\t\t\t\t\t<div class=\"e-con-inner\">\n\t\t\t\t<div class=\"elementor-element elementor-element-6965bde1 elementor-widget elementor-widget-spacer\" data-id=\"6965bde1\" data-element_type=\"widget\" data-widget_type=\"spacer.default\">\n\t\t\t\t<div class=\"elementor-widget-container\">\n\t\t\t\t\t\t\t<div class=\"elementor-spacer\">\n\t\t\t<div class=\"elementor-spacer-inner\"><\/div>\n\t\t<\/div>\n\t\t\t\t\t\t<\/div>\n\t\t\t\t<\/div>\n\t\t\t\t<div class=\"elementor-element elementor-element-7256f1d8 elementor-widget elementor-widget-text-editor\" data-id=\"7256f1d8\" data-element_type=\"widget\" data-widget_type=\"text-editor.default\">\n\t\t\t\t<div class=\"elementor-widget-container\">\n\t\t\t\t\t\t\t\t\t<h3>Pol\u00edtica De Cookies<\/h3><p>Actualizado en 2024-04-20<\/p><h3>Definiciones y t\u00e9rminos clave<\/h3><p>Para ayudar a explicar las cosas tan claramente como sea posible en esta Pol\u00edtica de Cookies, siempre que cualquiera de estos t\u00e9rminos se refiere, est\u00e1n estrictamente definidos como:<\/p><ul><li>Cookie: Una peque\u00f1a cantidad de datos generados por un sitio web y almacenada en el navegador web. Se utiliza para identificar su navegador, an\u00e1lisis, recordar la informaci\u00f3n acerca de usted, tal como su preferencia de idioma o informaci\u00f3n de inicio de sesi\u00f3n.<\/li><li>Empresa: cuando esta pol\u00edtica se menciona la &#034;Compa\u00f1\u00eda&#034;, &#034;nosotros&#034;, &#034;nos&#034;, &#034;nosotros&#034; o &#034;nuestro&#034;, se refiere a R\u00edo Oso de Comercio, el cual es responsable de su informaci\u00f3n de conformidad con esta Pol\u00edtica de Cookies.<\/li><li>Plataforma: River Bear Trading de Internet del sitio web, aplicaci\u00f3n web o el p\u00fablico digital de la aplicaci\u00f3n.<\/li><li>Dispositivo: cualquier dispositivo conectado a Internet, tales como un tel\u00e9fono, tablet, ordenador o cualquier otro dispositivo que pueda ser utilizado para visitar el River Bear Trading y el uso de los Servicios.<\/li><li>Datos personales: cualquier informaci\u00f3n que directamente, indirectamente o en relaci\u00f3n con otra informaci\u00f3n, incluyendo un n\u00famero de identificaci\u00f3n personal, permite la identificaci\u00f3n de una persona f\u00edsica.<\/li><li>Servicio: se refiere al servicio prestado por el River Bear Trading, como se describe en t\u00e9rminos relativos (si est\u00e1 disponible) y en esta plataforma.<\/li><li>Terceros: se refiere a los anunciantes, patrocinadores del concurso, promoci\u00f3n y comercializaci\u00f3n de los socios, y otros que proporcionan a nuestros contenidos o cuyos productos o servicios que creemos pueden ser de inter\u00e9s para usted.<\/li><li>P\u00e1gina web: Sitio web de River Bear Trading, al que se puede acceder a trav\u00e9s de esta URL: https:\/\/riverbeartrading.com\/<\/li><li>Usted: una persona o entidad que est\u00e1 registrado con el River Bear Trading para el uso de los Servicios.<\/li><\/ul><h3>Introducci\u00f3n<\/h3><p>Esta Pol\u00edtica de Cookies explica c\u00f3mo el River Bear Trading y sus filiales (colectivamente \"R\u00edo del Oso de Comercio\", \"nosotros\", \"nos\" y \"nuestro\"), el uso de cookies y tecnolog\u00edas similares para reconocer cuando usted visita nuestra plataforma, incluyendo pero no limitado a R\u00edo Oso de Comercio y a cualquier Url, m\u00f3vil o versiones localizadas y relacionados con los dominios\/subdominios (\"Sitios web\"). Se explica lo que estas tecnolog\u00edas son y por qu\u00e9 las utilizamos, as\u00ed como opciones sobre c\u00f3mo el control de ellos.<\/p><h3>\u00a0<\/h3><h3>\u00bfQu\u00e9 es una Cookie?<\/h3><p>Una cookie es un peque\u00f1o archivo de texto que se almacenan en su ordenador o en otro dispositivo conectado a Internet para identificar su navegador, an\u00e1lisis, recordar la informaci\u00f3n acerca de usted, tal como su preferencia de idioma o informaci\u00f3n de inicio de sesi\u00f3n. Son completamente seguros y no pueden ser utilizadas para ejecutar programas o enviar virus a su dispositivo.<\/p><h3>\u00bfPor qu\u00e9 usamos las Cookies?<\/h3><p>Utilizamos propia y\/o las cookies de terceros en nuestra plataforma para diversos fines, tales como:<\/p><ul><li>Para facilitar la operaci\u00f3n y funcionalidad de nuestra plataforma;<\/li><li>Para mejorar su experiencia con nuestra plataforma y hacer que la navegaci\u00f3n alrededor de ellos m\u00e1s r\u00e1pido y m\u00e1s f\u00e1cil;<\/li><li>Que nos permite crear al usuario una experiencia personalizada para usted y para entender lo que es \u00fatil o de inter\u00e9s para usted;<\/li><li>Para analizar c\u00f3mo nuestra plataforma se utiliza y cu\u00e1l es la mejor a la hora de personalizar;<\/li><li>Para identificar las perspectivas de futuro y personalizar el marketing y las ventas de las interacciones con ellos;<\/li><li>Para hacer m\u00e1s f\u00e1cil adaptar la publicidad en l\u00ednea a sus intereses.<\/li><\/ul><h3>Qu\u00e9 tipo de Cookies que hace el R\u00edo Oso de Comercio de usar?<\/h3><p>Las Cookies pueden ser cookies de sesi\u00f3n o cookies persistentes. Una cookie de sesi\u00f3n expira autom\u00e1ticamente cuando usted cierra su navegador. Una cookie persistente se mantendr\u00e1 hasta que se venzan o borrar las cookies. Las fechas de vencimiento se establece en las cookies en s\u00ed mismos; algunos pueden expiran despu\u00e9s de un par de minutos, mientras que otros pueden caducar despu\u00e9s de varios a\u00f1os. Las Cookies colocadas por el sitio web que est\u00e1 visitando se denominan &#034;cookies de terceros&#034;.<\/p><p>Las cookies estrictamente necesarias son necesarios para nuestra plataforma para la funci\u00f3n y no puede ser desactivada en nuestros sistemas. Son esenciales para que usted sea capaz de navegar por la plataforma y el uso de sus caracter\u00edsticas. Si eliminar o deshabilitar estas cookies, no podemos garantizar que usted ser\u00e1 capaz de utilizar nuestra plataforma.<\/p><p>Utilizamos los siguientes tipos de cookies en nuestra plataforma:<\/p><h3>Cookies Esenciales<\/h3><p>Utilizamos cookies esenciales para nuestra plataforma para la funci\u00f3n. Estas cookies son estrictamente necesarias para habilitar las funciones b\u00e1sicas tales como la seguridad, la gesti\u00f3n de la red, sus preferencias sobre las cookies y la accesibilidad. Sin ellos, no ser\u00eda capaz de utilizar los servicios b\u00e1sicos. Usted puede deshabilitar el cambio de la configuraci\u00f3n de su navegador, pero esto puede afectar a c\u00f3mo los sitios de trabajo.<\/p><h3>Cookies de rendimiento y funciones<\/h3><p>Estas cookies se utilizan para mejorar el rendimiento y la funcionalidad de nuestra plataforma, pero no son esenciales para su uso. Sin embargo, sin estas cookies, algunas caracter\u00edsticas, tales como videos, pueden no estar disponibles o usted puede pedir que introduzca su informaci\u00f3n de inicio de sesi\u00f3n cada vez que visite la plataforma, como no \u00edbamos a ser capaces de recordar que fueron iniciado anteriormente.<\/p><h3>Cookies de Marketing<\/h3><p>Estas cuentas de marketing basada en las cookies nos permiten identificar las perspectivas de futuro y personalizar de marketing y ventas de las interacciones con ellos.<\/p><h3>Analytics y de Personalizaci\u00f3n, Cookies<\/h3><p>Estas cookies recogen informaci\u00f3n que se utiliza para ayudarnos a entender c\u00f3mo nuestra plataforma es utilizada o la eficacia de nuestras campa\u00f1as de marketing, o para ayudarnos a personalizar nuestra plataforma para usted.<\/p><p>We use cookies provided by Google Analytics to collect limited data directly from end-user browsers to allow us to better understand your use of our platform. You can find more information about how Google collects and uses this data at: https:\/\/www.google.com\/policies\/privacy\/partners\/. You may opt out of receiving all analytics supported by Google on our websites by visiting: https:\/\/tools.google.com\/dlpage\/gaoptout.<\/p><h3>Cookies De Redes Sociales<\/h3><p>Estas cookies se utilizan cuando se comparte la informaci\u00f3n usando los medios sociales para compartir el bot\u00f3n o el bot\u00f3n &#034;me Gusta&#034; en nuestro Sitio o al vincular su cuenta o interact\u00faan con nuestro contenido a trav\u00e9s de un sitio web de redes sociales como Facebook, Twitter o Google+. La red social se registro que haya hecho esto. Estas cookies tambi\u00e9n pueden incluir ciertos c\u00f3digo que ha sido colocado en la plataforma para ayudar a realizar un seguimiento de anuncios de conversiones, optimizar los anuncios basados en los datos recolectados, crear audiencias espec\u00edficas para el futuro de los anuncios, y se aplican de remarketing para los usuarios que ya han tomado ciertas acciones en la plataforma.<\/p><h3>Las Cookies De Terceros<\/h3><p>Algunas de las cookies que se han establecido en nuestra plataforma no son auto-establecido por el R\u00edo del Oso de Comercio. Los sitios web pueden integrar con el contenido de terceros para ofrecer publicidad. Estos terceros proveedores de servicios pueden establecer sus propias cookies en su navegador web. Los proveedores de servicios de terceros el control de muchas de las prestaciones y la funcionalidad, la publicidad, el marketing y las cookies de google analytics se describe anteriormente. No tenemos control sobre el uso de estas cookies de terceros, como s\u00f3lo la tercera parte que originalmente conjunto de ellos puede acceder a las cookies.<\/p><h3>C\u00f3mo Gestionar las Cookies?<\/h3><p>La mayor\u00eda de los navegadores le permiten controlar las cookies a trav\u00e9s de su &#039;ajustes&#039; preferencias. Sin embargo, si usted puede limitar la capacidad de sitios web para configurar las cookies, puede empeorar su experiencia general del usuario, pues dejar\u00e1 de ser personalizada para usted. Es posible que tambi\u00e9n impide guardar la configuraci\u00f3n personalizada, tales como informaci\u00f3n de inicio de sesi\u00f3n.<\/p><p>Navegador de los fabricantes proporcionan las p\u00e1ginas de ayuda relacionados con la gesti\u00f3n de las cookies en sus productos.<\/p><ul><li>Google Chrome<\/li><li>Internet Explorer<\/li><li>Mozilla Firefox<\/li><li>Safari (de escritorio)<\/li><li>Safari (m\u00f3vil)<\/li><li>Navegador De Android<\/li><li>La \u00f3pera<\/li><li>Opera Mobile<\/li><\/ul><h3>El bloqueo y la Desactivaci\u00f3n de las Cookies y Tecnolog\u00edas Similares<\/h3><p>Dondequiera que est\u00e9, usted puede configurar su navegador para bloquear las cookies y tecnolog\u00edas similares, pero esta acci\u00f3n puede bloquear nuestras cookies esenciales y evitar que nuestro sitio web funcione correctamente, y usted no puede ser capaz de utilizar todas sus funciones y servicios en su totalidad. Tambi\u00e9n debe ser consciente de que tambi\u00e9n puede perder la informaci\u00f3n guardada (por ejemplo, guardan detalles de inicio de sesi\u00f3n, el sitio de las preferencias) si bloquea las cookies en su navegador. Los diferentes navegadores ofrecen diferentes controles. Desactivaci\u00f3n de una cookie o una categor\u00eda de galletas, no se elimina la cookie de su navegador, usted tendr\u00e1 que hacerlo usted mismo desde su navegador, usted debe visitar a su navegador el men\u00fa ayuda para obtener m\u00e1s informaci\u00f3n.<\/p><h3>Cambios en nuestra Pol\u00edtica de Cookies<\/h3><p>Podemos cambiar nuestro Servicio y nuestras pol\u00edticas, y que podemos necesitar hacer cambios a esta Pol\u00edtica de Cookies para reflejar con precisi\u00f3n nuestro Servicio y nuestras pol\u00edticas. A menos que sea requerido por la ley, nosotros le notificaremos a usted (por ejemplo, a trav\u00e9s de nuestro Servicio) antes de hacer cambios a esta Pol\u00edtica de Cookies y darle una oportunidad para que los revisen antes de ser efectivas. A partir de entonces, si usted contin\u00faa utilizando el Servicio, usted estar\u00e1 sujeto a la actualizaci\u00f3n de la Pol\u00edtica de Cookies. Si usted no desea aceptar esta o cualquier actualizado Pol\u00edtica de Cookies, puede eliminar su cuenta.<\/p><h3>Su consentimiento<\/h3><p>Mediante el uso de nuestra plataforma, el registro de una cuenta o realizar una compra, usted acepta nuestra Pol\u00edtica de Cookies y la aceptaci\u00f3n de sus t\u00e9rminos.<\/p><h3>P\u00f3ngase en contacto con nosotros en<\/h3><p>Por favor, no dude en ponerse en contacto con nosotros si tiene alguna pregunta acerca de nuestra Pol\u00edtica de Cookies.<\/p><ul><li>A trav\u00e9s de e-mail:<a href=\"mailto:info@riverbeartrading.com\"><b>info@<\/b>riverbeartrading.com<\/a><\/li><li>A trav\u00e9s del n\u00famero de tel\u00e9fono: +1 941 577 9728<\/li><\/ul>\t\t\t\t\t\t\t\t<\/div>\n\t\t\t\t<\/div>\n\t\t\t\t<div class=\"elementor-element elementor-element-519e5e4c elementor-widget elementor-widget-spacer\" data-id=\"519e5e4c\" data-element_type=\"widget\" data-widget_type=\"spacer.default\">\n\t\t\t\t<div class=\"elementor-widget-container\">\n\t\t\t\t\t\t\t<div class=\"elementor-spacer\">\n\t\t\t<div class=\"elementor-spacer-inner\"><\/div>\n\t\t<\/div>\n\t\t\t\t\t\t<\/div>\n\t\t\t\t<\/div>\n\t\t\t\t\t<\/div>\n\t\t\t\t<\/div>\n\t\t\t\t<\/div>","protected":false},"excerpt":{"rendered":"<p>Cookies Policy Updated on 2024-04-20 Definitions and key terms To help explain things as clearly as possible in this Cookie Policy, whenever any of these terms are referred to, they are strictly defined as: Cookie: A small amount of data generated by a website and stored by your web browser. It is used to identify [&hellip;]<\/p>","protected":false},"author":1,"featured_media":0,"parent":0,"menu_order":0,"comment_status":"closed","ping_status":"closed","template":"","meta":{"footnotes":""},"class_list":["post-429","page","type-page","status-publish","hentry"],"_links":{"self":[{"href":"https:\/\/riverbeartrading.com\/es\/wp-json\/wp\/v2\/pages\/429"}],"collection":[{"href":"https:\/\/riverbeartrading.com\/es\/wp-json\/wp\/v2\/pages"}],"about":[{"href":"https:\/\/riverbeartrading.com\/es\/wp-json\/wp\/v2\/types\/page"}],"author":[{"embeddable":true,"href":"https:\/\/riverbeartrading.com\/es\/wp-json\/wp\/v2\/users\/1"}],"replies":[{"embeddable":true,"href":"https:\/\/riverbeartrading.com\/es\/wp-json\/wp\/v2\/comments?post=429"}],"version-history":[{"count":10,"href":"https:\/\/riverbeartrading.com\/es\/wp-json\/wp\/v2\/pages\/429\/revisions"}],"predecessor-version":[{"id":968,"href":"https:\/\/riverbeartrading.com\/es\/wp-json\/wp\/v2\/pages\/429\/revisions\/968"}],"wp:attachment":[{"href":"https:\/\/riverbeartrading.com\/es\/wp-json\/wp\/v2\/media?parent=429"}],"curies":[{"name":"wp","href":"https:\/\/api.w.org\/{rel}","templated":true}]}}