{"id":437,"date":"2024-04-20T20:51:50","date_gmt":"2024-04-20T20:51:50","guid":{"rendered":"https:\/\/riverbeartrading.com\/?page_id=437"},"modified":"2024-07-11T00:30:08","modified_gmt":"2024-07-11T00:30:08","slug":"end-user-license-agreement","status":"publish","type":"page","link":"https:\/\/riverbeartrading.com\/es\/end-user-license-agreement\/","title":{"rendered":"Acuerdo De Licencia De Usuario Final"},"content":{"rendered":"<div data-elementor-type=\"wp-page\" data-elementor-id=\"437\" class=\"elementor elementor-437\" data-elementor-post-type=\"page\">\n\t\t\t\t<div class=\"elementor-element elementor-element-71fba93f e-flex e-con-boxed e-con e-parent\" data-id=\"71fba93f\" data-element_type=\"container\">\n\t\t\t\t\t<div class=\"e-con-inner\">\n\t\t\t\t<div class=\"elementor-element elementor-element-741708bd elementor-widget elementor-widget-spacer\" data-id=\"741708bd\" data-element_type=\"widget\" data-widget_type=\"spacer.default\">\n\t\t\t\t<div class=\"elementor-widget-container\">\n\t\t\t\t\t\t\t<div class=\"elementor-spacer\">\n\t\t\t<div class=\"elementor-spacer-inner\"><\/div>\n\t\t<\/div>\n\t\t\t\t\t\t<\/div>\n\t\t\t\t<\/div>\n\t\t\t\t<div class=\"elementor-element elementor-element-61777e04 elementor-widget elementor-widget-text-editor\" data-id=\"61777e04\" data-element_type=\"widget\" data-widget_type=\"text-editor.default\">\n\t\t\t\t<div class=\"elementor-widget-container\">\n\t\t\t\t\t\t\t\t\t<h3>Acuerdo De Licencia De Usuario Final<\/h3><p>Actualizado en 2024-04-20<\/p><h3>Definiciones y t\u00e9rminos clave<\/h3><p>Para ayudar a explicar las cosas tan claramente como sea posible en este contrato, siempre que cualquiera de estos t\u00e9rminos se refiere, est\u00e1n estrictamente definidos como:<\/p><ul><li>Cookie: Una peque\u00f1a cantidad de datos generados por un sitio web y almacenada en el navegador web. Se utiliza para identificar su navegador, an\u00e1lisis, recordar la informaci\u00f3n acerca de usted, tal como su preferencia de idioma o informaci\u00f3n de inicio de sesi\u00f3n.<\/li><li>Company: when this agreement mentions &#8220;Company&#8221;, &#8220;we&#8221;, &#8220;us&#8221;, &#8220;us&#8221; or &#8220;our&#8221;, it refers to River Bear Trading, which is responsible for your information under this EULA.<\/li><li>Plataforma: River Bear Trading de Internet del sitio web, aplicaci\u00f3n web o el p\u00fablico digital de la aplicaci\u00f3n.<\/li><li>Pa\u00eds: donde el R\u00edo del Oso de Comercio o de los propietarios, los fundadores de R\u00edo Oso de Comercio se encuentra, en este caso es estados UNIDOS.<\/li><li>Dispositivo: cualquier dispositivo conectado a Internet, tales como un tel\u00e9fono, tablet, ordenador o cualquier otro dispositivo que pueda ser utilizado para visitar el River Bear Trading y el uso de los Servicios.<\/li><li>Servicio: se refiere al servicio prestado por el River Bear Trading, como se describe en t\u00e9rminos relativos (si est\u00e1 disponible) y en esta plataforma.<\/li><li>Terceros: se refiere a los anunciantes, patrocinadores del concurso, promoci\u00f3n y comercializaci\u00f3n de los socios, y otros que proporcionan a nuestros contenidos o cuyos productos o servicios que creemos pueden ser de inter\u00e9s para usted.<\/li><li>P\u00e1gina web: Sitio web de River Bear Trading, al que se puede acceder a trav\u00e9s de esta URL: https:\/\/riverbeartrading.com\/<\/li><li>Usted: una persona o entidad que est\u00e1 registrado con el River Bear Trading para el uso de los Servicios.<\/li><\/ul><h3>Introducci\u00f3n<\/h3><p>Esta Licencia de Usuario Final (el &#034;Acuerdo&#034;) es un acuerdo vinculante entre usted (&#034;Usuario Final&#034;, &#034;usted&#034; o &#034;su&#034;) y R\u00edo Oso de Comercio (la&#034;Compa\u00f1\u00eda&#034;, &#034;nosotros&#034;, &#034;nos&#034;, &#034;nosotros&#034; o &#034;nuestro&#034;). El presente Contrato regula la relaci\u00f3n entre usted y nosotros, y el uso de R\u00edo Oso de la Empresa de Comercio. A lo largo de este Convenio, el Usuario Final y la Empresa puede ser denominado como una &#034;Parte&#034; o, colectivamente, las &#034;Partes&#034;.<\/p><p>Si usted est\u00e1 utilizando la Plataforma en nombre de su empleador u otra entidad (una &#034;Organizaci\u00f3n&#034;) en cuyo beneficio el uso de la Plataforma o que posee o controla los medios por los que el uso o acceso a la Plataforma, los t\u00e9rminos &#034;Usuario Final&#034;, &#034;usted&#034; y &#034;su&#034; se aplica colectivamente a usted como un individuo y la Organizaci\u00f3n. Si el uso o la compra de una licencia para la Plataforma en nombre de una Organizaci\u00f3n, usted reconoce, garantiza y acepta que tiene la autoridad para: 1) la compra de una licencia para la Plataforma en nombre de la Organizaci\u00f3n; 2) obligar a la Organizaci\u00f3n a los t\u00e9rminos de este Acuerdo.<\/p><p>Al descargar, instalar, utilizar o acceder a la Plataforma, usted: (a) afirmar que disponen de todo tipo de permisos y autorizaciones para el acceso y utilizaci\u00f3n de la Plataforma; (b) si est\u00e1 utilizando la Plataforma de conformidad con una licencia adquirida por una organizaci\u00f3n, que est\u00e1 autorizado por la organizaci\u00f3n para el acceso y utilizaci\u00f3n de la Plataforma; (c) reconoce que ha le\u00eddo y entendido este Acuerdo; (d) declara que son de mente sana y de la edad legal (18 a\u00f1os de edad o m\u00e1s) para contraer un acuerdo vinculante; y (e) acepta estar legalmente obligado por los t\u00e9rminos y condiciones de este Acuerdo.<\/p><p>Si usted no acepta estos t\u00e9rminos, no descargue, instale, acceso o utilizar el software. Si usted ya ha descargado el software, eliminar de su dispositivo de computaci\u00f3n.<\/p><p>R\u00edo del Oso de licencias de Comercio, no se vende, la Aplicaci\u00f3n para su uso en estricta conformidad con los t\u00e9rminos de este Acuerdo.<\/p><h3>Licencia<\/h3><p>Sujeto a los t\u00e9rminos de este Acuerdo y, si procede, en los t\u00e9rminos previstos en el Acuerdo de Licencia, R\u00edo Oso de Comercio le otorga a usted una licencia limitada, no exclusiva, perpetua, revocable, no transferible para:<\/p><p>(a) Descargar, instalar y usar el Software en un (1) Dispositivo de Computaci\u00f3n para cada licencia de usuario \u00fanico que adquiri\u00f3. Si tiene varios Dispositivos de Computaci\u00f3n en el que desea utilizar el Software, usted est\u00e1 de acuerdo para la compra de una licencia para el n\u00famero de dispositivos que desea utilizar;<\/p><p>(b) el Acceso, la visualizaci\u00f3n y el uso de tal Dispositivo de Computaci\u00f3n del Usuario Final de Materiales disponibles en el Software, o accesible a trav\u00e9s del Software estrictamente en conformidad con este Acuerdo, y cualquier otros t\u00e9rminos y condiciones aplicables a tales Usuario Final de Materiales;<\/p><p>(c) Instalar y utilizar la versi\u00f3n de prueba del Software en cualquier n\u00famero de Dispositivos de Computaci\u00f3n por un tiempo de quince (15) d\u00edas de per\u00edodo de prueba despu\u00e9s de la instalaci\u00f3n.<\/p><p>(d) Recibir actualizaciones y nuevas caracter\u00edsticas que est\u00e1n disponibles para un per\u00edodo de un (1) a\u00f1o a partir de la fecha en que compr\u00f3 la licencia para el Software.<\/p><h3>Restricciones<\/h3><p>Usted se compromete a no hacerlo y no permita que otros lo hagan:<\/p><ul><li>Licencia, vender, alquilar, arrendar, ceder, asignar, distribuir, transmitir, host, subcontratar, divulgar o explotar comercialmente la Aplicaci\u00f3n o hacer la Aplicaci\u00f3n a disposici\u00f3n de terceros.<\/li><li>Modificar, realizar obras derivadas, desarmar, descifrar, descompilar o realizar ingenier\u00eda inversa de cualquier parte de la Aplicaci\u00f3n.<\/li><li>Eliminar, alterar u ocultar cualquier aviso de propiedad (incluyendo cualquier derecho de autor o marca registrada) de R\u00edo Oso de Negociaci\u00f3n o de sus filiales, socios, proveedores u otorgantes de licencia de la Aplicaci\u00f3n.<\/li><\/ul><h3>De Propiedad Intelectual<\/h3><p>Todos los derechos de propiedad intelectual, incluyendo derechos de autor, patentes, patentes divulgaciones de invenciones y (si es patentable o no), marcas, marcas de servicio, secretos comerciales, know-how y otra informaci\u00f3n confidencial, nombres de marcas, nombres comerciales, logotipos, nombres de empresa y los nombres de dominio, junto con todos los de buena voluntad de los asociados a los mismos, derivados de las obras y de todos los dem\u00e1s derechos (colectivamente, &#034;los Derechos de Propiedad Intelectual&#034;) que son parte del Software que de otra manera son propiedad de R\u00edo Oso de Comercio seguir\u00e1n siendo en todo momento propiedad exclusiva de R\u00edo Oso de Comercio (o sus proveedores o licenciatarios, si es aplicable). Nada en este Contrato le otorga a usted (o a cualquier Organizaci\u00f3n) una licencia para R\u00edo Oso de Negociaci\u00f3n de los Derechos de Propiedad Intelectual.<\/p><p>Usted acepta que este Contrato le otorga una licencia limitada para utilizar el R\u00edo Oso de Negociaci\u00f3n de los Derechos de Propiedad Intelectual, \u00fanicamente como parte del Software (y no de forma independiente de la misma), y s\u00f3lo durante el Plazo de la licencia concedida a usted en virtud del presente. En consecuencia, el uso de cualquiera de R\u00edo Oso de Negociaci\u00f3n de los Derechos de Propiedad Intelectual independientemente del Software o fuera del \u00e1mbito de aplicaci\u00f3n de este Acuerdo se considerar\u00e1 una infracci\u00f3n de R\u00edo Oso de Negociaci\u00f3n de los Derechos de Propiedad Intelectual. Sin embargo, esto no limitar cualquier reclamaci\u00f3n R\u00edo Oso de Comercio puede tener por incumplimiento de contrato en caso de incumplimiento de un t\u00e9rmino o condici\u00f3n de este Acuerdo. Usted puede utilizar el est\u00e1ndar m\u00e1s alto de atenci\u00f3n para salvaguardar todo el Software (incluyendo todas las copias de la misma), en contra de la violaci\u00f3n, apropiaci\u00f3n indebida, robo, mal uso o acceso no autorizado. A excepci\u00f3n de los expresamente concedidos en el presente Acuerdo, R\u00edo Oso de Comercio de reservas y gozar\u00e1 de todos los derechos, t\u00edtulo e inter\u00e9s en y para el Software, incluyendo todos los derechos de autor y de derechos de autor en la materia, marcas comerciales y derechos de autor en la materia, las patentes y la materia patentable, secretos comerciales y otros derechos de propiedad intelectual registrados, no registrados, concedido, solicitado o existentes, o que puedan ser creados, relativas a los mismos.<\/p><p>A usted (o a la Organizaci\u00f3n, si procede) mantener la titularidad de todos los Derechos de Propiedad Intelectual en los productos de la labor de crear a trav\u00e9s de o con la ayuda del Software.<\/p><h3>Sus sugerencias<\/h3><p>Las opiniones, comentarios, ideas, mejoras o sugerencias (colectivamente, las &#034;Sugerencias&#034;) que usted proporciona a R\u00edo Oso de Comercio con respecto a la Aplicaci\u00f3n seguir\u00e1n siendo propiedad \u00fanica y exclusiva de R\u00edo Oso de Comercio.<\/p><p>R\u00edo Oso de Comercio ser\u00e1 libre para usar, copiar, modificar, publicar o redistribuir las Sugerencias para cualquier prop\u00f3sito y de cualquier forma sin ning\u00fan tipo de cr\u00e9dito o compensaci\u00f3n para usted.<\/p><h3>Modificaciones a la Aplicaci\u00f3n<\/h3><p>R\u00edo Oso de Comercio se reserva el derecho a modificar, suspender o interrumpir, temporal o permanentemente, la Aplicaci\u00f3n o cualquier servicio al que se conecta, con o sin previo aviso y sin ninguna responsabilidad hacia usted.<\/p><h3>Las Actualizaciones De La Aplicaci\u00f3n<\/h3><p>R\u00edo Oso de Comercio podr\u00e1, de tiempo en tiempo, proporcionar mejoras o mejoras a las caracter\u00edsticas o funcionalidad de la Aplicaci\u00f3n, que pueden incluir parches, correcciones de errores, actualizaciones, mejoras y otras modificaciones (&#034;Actualizaciones&#034;).<\/p><p>Las actualizaciones pueden modificar o eliminar ciertas caracter\u00edsticas y\/o la funcionalidad de la Aplicaci\u00f3n. Usted acepta que el R\u00edo Oso de Comercio no tiene la obligaci\u00f3n de (i) proporcionar Actualizaciones o (ii) continuar a proveer de usted con el o habilitar determinadas caracter\u00edsticas y\/o la funcionalidad de la Aplicaci\u00f3n.<\/p><p>Adem\u00e1s, usted acepta que todas las Actualizaciones (i) se considerar\u00e1 parte integrante de la Aplicaci\u00f3n, y (ii) estar\u00e1 sujeto a los t\u00e9rminos y condiciones de este Acuerdo.<\/p><h3>Servicios De Terceros<\/h3><p>La Aplicaci\u00f3n puede mostrar, incluir o hacer disponible el contenido de terceros (incluyendo datos, informaci\u00f3n, aplicaciones y otros productos de servicios) o proporcionar enlaces a sitios web de terceros o servicios (&#034;Servicios de Terceros&#034;).<\/p><p>Usted reconoce y acepta que el River Bear Tradingno ser\u00e1 responsable o responsable de cualquier servicio de Terceros, incluyendo su exactitud, integridad, oportunidad, validez, cumplimiento de derechos de autor, legalidad, decencia, la calidad o cualquier otro aspecto de la misma. River Bear Trading no asume y no tendr\u00e1 ninguna obligaci\u00f3n o responsabilidad hacia usted o cualquier otra persona o entidad por cualquier servicio de Terceros.<\/p><p>Servicios de terceros y enlaces a los mismos se proporcionan \u00fanicamente para su conveniencia y son accedidos y utilizados por usted bajo su propio riesgo y sujeto a los t\u00e9rminos y condiciones de dichos terceros.<\/p><h3>Duraci\u00f3n y Terminaci\u00f3n<\/h3><p>Este Acuerdo permanecer\u00e1 en vigor hasta que sea terminado por usted o R\u00edo del Oso de Comercio.<\/p><p>R\u00edo Oso de Comercio podr\u00e1, a su entera discreci\u00f3n, en cualquier momento y por cualquier motivo o sin motivo, suspender o rescindir el presente Acuerdo, con o sin previo aviso.<\/p><p>Este Acuerdo terminar\u00e1 inmediatamente, sin previo aviso del R\u00edo Oso de Comercio, en el caso de que usted no cumple con cualquier disposici\u00f3n de este Acuerdo. Tambi\u00e9n podr\u00e1 denunciar el presente Acuerdo mediante la eliminaci\u00f3n de la Aplicaci\u00f3n y todas las copias de la Aplicaci\u00f3n desde tu ordenador.<\/p><p>A la terminaci\u00f3n de este Acuerdo, usted deber\u00e1 dejar de utilizar la Aplicaci\u00f3n y eliminar todas las copias de la Aplicaci\u00f3n desde tu ordenador.<\/p><p>La terminaci\u00f3n de este Acuerdo no limita ninguna de R\u00edo Oso de Negociaci\u00f3n de los derechos o recursos que por ley o en equidad, en el caso de un incumplimiento por parte de usted (durante la vigencia de este Acuerdo) de cualquiera de sus obligaciones bajo este Acuerdo.<\/p><h3>Indemnizaci\u00f3n<\/h3><p>Usted se compromete a indemnizar, defender y eximir de responsabilidad a R\u00edo Oso de Comercio y sus oficiales, directores, empleados, agentes, representantes, afiliados, sucesores y cesionarios, de y contra cualquier y todas las p\u00e9rdidas, da\u00f1os, responsabilidades, obligaciones, deficiencias, reclamaciones, acciones, demandas, sentencias, acuerdos, intereses, premios, sanciones, multas, costos o gastos de cualquier naturaleza, incluyendo honorarios razonables de abogados, que surjan de o en relaci\u00f3n con: (i) su uso o mal uso del Software; (ii) su fracaso para cumplir con cualquier ley, reglamento o gubernamentales directiva; (iii) su violaci\u00f3n de este Acuerdo; o (iv) de acuerdo o en relaci\u00f3n con una Organizaci\u00f3n (si corresponde) o de cualquier tercero. Adem\u00e1s, usted acepta que el R\u00edo Oso de Comercio no asume ninguna responsabilidad o responsabilidad por cualquier informaci\u00f3n o contenido que usted env\u00ede o ponga a disposici\u00f3n a trav\u00e9s de este Software o contenido puesto a disposici\u00f3n por terceros.<\/p><h3>No Hay Garant\u00edas<\/h3><p>La Aplicaci\u00f3n se proporciona &#034;COMO EST\u00c1&#034; y &#034;COMO DISPONIBLE&#034; y con todas sus fallas y defectos, sin garant\u00eda de ning\u00fan tipo. En la m\u00e1xima medida permitida por la ley aplicable, el R\u00edo del Oso de Comercio, en su propio nombre y en nombre de sus afiliados y sus respectivos otorgantes de licencias y proveedores de servicios, expresamente renuncia a toda garant\u00eda, ya sea expresa, impl\u00edcita, legal o de otro tipo, con respecto a la Aplicaci\u00f3n, incluyendo todas las garant\u00edas impl\u00edcitas de comerciabilidad, idoneidad, para una finalidad particular, t\u00edtulo y no-violaci\u00f3n, y las garant\u00edas que pueden surgir en el transcurso de la negociaci\u00f3n, en el curso de ejecuci\u00f3n, uso o pr\u00e1ctica comercial. Sin perjuicio de lo anterior, R\u00edo Oso de Comercio no hace ninguna garant\u00eda o compromiso, y no hace ninguna representaci\u00f3n de ning\u00fan tipo de que la Aplicaci\u00f3n cumpla con sus requisitos, obtener los resultados deseados, ser compatible o funcionar con cualquier otro software, aplicaci\u00f3n, sistema o de servicios, operar sin interrupci\u00f3n, cumplir con el rendimiento o la fiabilidad de los est\u00e1ndares o libre de errores o que los errores o defectos puede ser o ser\u00e1 corregido.<\/p><p>Sin perjuicio de lo anterior, ni el R\u00edo Bear Comerciales ni cualquier R\u00edo del Oso de Negociaci\u00f3n de proveedores hace ninguna representaci\u00f3n o garant\u00eda de ning\u00fan tipo, expresa o impl\u00edcita: (i) en cuanto a la operaci\u00f3n o la disponibilidad de la Aplicaci\u00f3n, o la informaci\u00f3n , contenido y materiales, o productos incluidos en el mismo; (ii) que la Aplicaci\u00f3n ser\u00e1 ininterrumpido o libre de errores; (iii) en cuanto a la exactitud, fiabilidad o actualidad de cualquier informaci\u00f3n o contenido proporcionado a trav\u00e9s de la Aplicaci\u00f3n; o (iv) que la Aplicaci\u00f3n, de sus servidores, el contenido o los correos electr\u00f3nicos enviados por o en nombre de R\u00edo del Oso de Comercio est\u00e1n libres de virus, scripts, caballos de Troya, gusanos, malware, bombas de tiempo u otros componentes da\u00f1inos.<\/p><p>Algunas jurisdicciones no permiten la exclusi\u00f3n o limitaci\u00f3n de garant\u00edas impl\u00edcitas o limitaciones de un consumidor a los derechos legales, por lo que algunas o todas las exclusiones y limitaciones anteriores pueden no aplicarse a usted.<\/p><h3>Limitaci\u00f3n de Responsabilidad<\/h3><p>Independientemente de los da\u00f1os en que ud. pueda incurrir, la responsabilidad total de R\u00edo Oso de Comercio y cualquiera de sus proveedores en virtud de cualquier disposici\u00f3n de este Acuerdo y su recurso exclusivo para todo lo anterior quedar\u00e1 limitada a la cantidad pagada por usted para la Aplicaci\u00f3n.<\/p><p>En la medida m\u00e1xima permitida por la ley aplicable, en ning\u00fan caso R\u00edo Oso de Comercio o sus proveedores ser\u00e1n responsables por ning\u00fan da\u00f1o especial, incidental, indirecto o consecuente de ning\u00fan tipo (incluyendo, sin limitaci\u00f3n, da\u00f1os por p\u00e9rdida de beneficios, p\u00e9rdida de datos u otra informaci\u00f3n, interrupci\u00f3n del negocio, lesiones personales, p\u00e9rdida de privacidad que surja de o en cualquier manera relacionada con el uso o imposibilidad de uso de la Aplicaci\u00f3n, software de terceros y\/o hardware de terceros se utiliza con la Aplicaci\u00f3n, o de otro modo en relaci\u00f3n con cualquier disposici\u00f3n de este Acuerdo), incluso si el R\u00edo del Oso de Comercio o de cualquier proveedor ha sido advertido de la posibilidad de tales da\u00f1os, e incluso si el recurso no cumple su prop\u00f3sito esencial.<\/p><p>Algunos estados\/jurisdicciones no permiten la exclusi\u00f3n o limitaci\u00f3n de da\u00f1os incidentales o consecuentes, as\u00ed que la limitaci\u00f3n o exclusi\u00f3n anterior puede no aplicarse a usted.<\/p><h3>Divisibilidad<\/h3><p>Si cualquier disposici\u00f3n de este Acuerdo se considera inaplicable o inv\u00e1lida, dicha disposici\u00f3n se modificar\u00e1 y se interpretan a la consecuci\u00f3n de los objetivos de dicha disposici\u00f3n en la mayor medida posible en virtud de la ley aplicable y las disposiciones restantes permanecer\u00e1n en pleno vigor y efecto.<\/p><h3>Descargo de responsabilidad<\/h3><p>La falta de ejercicio, o el retraso en el ejercicio, por cualquiera de las partes, cualquier derecho o poder en virtud del presente Acuerdo, se considerar\u00e1 como una renuncia de dicho derecho o poder. Ni el ejercicio individual o parcial de cualquier derecho o poder en virtud de este Acuerdo excluye el ejercicio posterior de ese o cualquier otro derecho otorgado en el presente documento. En el caso de cualquier conflicto entre este Acuerdo y cualquier compra o en otros t\u00e9rminos, los t\u00e9rminos de este Acuerdo prevalecer\u00e1n.<\/p><h3>\u00a0<\/h3><h3>Las enmiendas a este Acuerdo<\/h3><p>R\u00edo Oso de Comercio se reserva el derecho, a su sola discreci\u00f3n, de modificar o reemplazar este Acuerdo en cualquier momento. Si una revisi\u00f3n es material, se dispondr\u00e1 de un m\u00ednimo de 30 d\u00edas de aviso antes de que las nuevas condiciones de ser efectivas. Lo que constituye un material de cambio se determinar\u00e1 en nuestra \u00fanica discreci\u00f3n.<\/p><p>Si contin\u00faa el acceso o el uso de nuestra Aplicaci\u00f3n despu\u00e9s de las revisiones se hacen efectivos, usted acepta estar obligado por los t\u00e9rminos y condiciones revisados. Si usted no est\u00e1 de acuerdo con los nuevos t\u00e9rminos, usted ya no estar\u00e1 autorizado a utilizar la Aplicaci\u00f3n.<\/p><h3>Ley Aplicable<\/h3><p>Las leyes de los Estados unidos, excluyendo sus conflictos de reglas de la ley, este Acuerdo se regir\u00e1 y su uso de la Aplicaci\u00f3n. Su uso de la Aplicaci\u00f3n tambi\u00e9n puede estar sujeto a otro local, estatal, nacional o leyes internacionales.<\/p><h3>Los cambios a este Acuerdo<\/h3><p>Nos reservamos el derecho exclusivo de hacer cambios a este Acuerdo de vez en cuando. Su acceso y uso continuado de la Plataforma constituye su aceptaci\u00f3n a estar obligado por y su aceptaci\u00f3n de los t\u00e9rminos publicados. Usted reconoce y acepta este Acuerdo (y cualquier modificaci\u00f3n de los mismos) cada vez que suba, el acceso o uso de la Plataforma. Por lo tanto, se recomienda revisar este Acuerdo peri\u00f3dicamente.<\/p><p>Si dentro de los treinta (30) d\u00edas de la publicaci\u00f3n de los cambios o modificaciones a este Acuerdo, usted decide que usted no est\u00e1 de acuerdo con los t\u00e9rminos y condiciones actualizados, usted puede retirar su aceptaci\u00f3n de los t\u00e9rminos modificados mediante una notificaci\u00f3n por escrito de su revocaci\u00f3n. Despu\u00e9s de una notificaci\u00f3n por escrito de su retiro de su aceptaci\u00f3n, usted no est\u00e1 autorizado a acceder o utilizar la Plataforma.<\/p><h3>Sin Empleo o Relaci\u00f3n de Agencia<\/h3><p>Nada en este Acuerdo, o cualquier parte de la relaci\u00f3n entre usted y el R\u00edo Oso de Comercio, es la intenci\u00f3n de crear ni podr\u00e1 ser considerada o interpretada para crear una relaci\u00f3n entre usted y el R\u00edo Oso de Comercio distinta de la del usuario final. de la plataforma y de los servicios prestados.<\/p><h3>Compensaci\u00f3n Equitativa<\/h3><p>Usted reconoce y acepta que el incumplimiento de este Acuerdo podr\u00eda causar un da\u00f1o irreparable al R\u00edo Oso de Negociaci\u00f3n para que los da\u00f1os monetarios por s\u00ed solo ser\u00eda insuficiente. Adem\u00e1s de los da\u00f1os y perjuicios y otros recursos a los cuales el R\u00edo Bear Comercio puede ser derecho, usted reconoce y acepta que podemos solicitar medidas cautelares para impedir real, inminente o continua violaci\u00f3n de este Acuerdo.<\/p><h3>Encabezados<\/h3><p>Los t\u00edtulos en este Acuerdo son para referencia solamente y no limitar el \u00e1mbito de aplicaci\u00f3n de este Acuerdo o de otra manera afectar a la interpretaci\u00f3n de este Acuerdo.<\/p><h3>Restricciones Geogr\u00e1ficas<\/h3><p>La Compa\u00f1\u00eda tiene su sede en los estados UNIDOS, y para el acceso y uso principalmente por personas que se encuentran en los estados UNIDOS y cumple con las leyes y reglamentaciones ESTADOUNIDENSES. Si el uso de la Plataforma desde fuera de los estados UNIDOS, usted es responsable por el cumplimiento con las leyes locales.<\/p><h3>Limitaci\u00f3n en el Tiempo para presentar Reclamaciones<\/h3><p>Cualquier causa de acci\u00f3n o reclamaci\u00f3n que surja de o relacionada con este Contrato o de la Plataforma debe ser iniciada dentro de un (1) a\u00f1o despu\u00e9s de la causa de la acci\u00f3n; de lo contrario, dicha causa de acci\u00f3n o reclamaci\u00f3n que se origine.<\/p><h3>Totalmente De Acuerdo<\/h3><p>El Acuerdo constituye el acuerdo completo entre usted y el R\u00edo Oso de Comercio con respecto a su uso de la Aplicaci\u00f3n y reemplaza a todas las anteriores y contempor\u00e1neas acuerdo verbal o escrito entre usted y el R\u00edo Oso de Comercio.<\/p><p>Usted puede estar sujeto a t\u00e9rminos y condiciones adicionales que se aplican cuando utilice o adquiera otros R\u00edo Soportar el Comercio de servicios, que R\u00edo Oso de Comercio proporcionar\u00e1 a usted en el momento de uso o de compra.<\/p><h3>P\u00f3ngase en contacto con nosotros en<\/h3><p>Por favor, no dude en ponerse en contacto con nosotros si tiene alguna pregunta acerca de este Acuerdo.<\/p><ul><li>Por e-mail:<a href=\"mailto:info@riverbeartrading.com\"><b>info@<\/b>riverbeartrading.com<\/a><\/li><li>A trav\u00e9s del n\u00famero de tel\u00e9fono: +1 941 577 9728<\/li><\/ul>\t\t\t\t\t\t\t\t<\/div>\n\t\t\t\t<\/div>\n\t\t\t\t<div class=\"elementor-element elementor-element-34e18998 elementor-widget elementor-widget-spacer\" data-id=\"34e18998\" data-element_type=\"widget\" data-widget_type=\"spacer.default\">\n\t\t\t\t<div class=\"elementor-widget-container\">\n\t\t\t\t\t\t\t<div class=\"elementor-spacer\">\n\t\t\t<div class=\"elementor-spacer-inner\"><\/div>\n\t\t<\/div>\n\t\t\t\t\t\t<\/div>\n\t\t\t\t<\/div>\n\t\t\t\t\t<\/div>\n\t\t\t\t<\/div>\n\t\t\t\t<\/div>","protected":false},"excerpt":{"rendered":"<p>End User License Agreement Updated on 2024-04-20 Definitions and key terms To help explain things as clearly as possible in this EULA, whenever any of these terms are referred to, they are strictly defined as: Cookie: A small amount of data generated by a website and stored by your web browser. It is used to [&hellip;]<\/p>","protected":false},"author":1,"featured_media":0,"parent":0,"menu_order":0,"comment_status":"closed","ping_status":"closed","template":"","meta":{"footnotes":""},"class_list":["post-437","page","type-page","status-publish","hentry"],"_links":{"self":[{"href":"https:\/\/riverbeartrading.com\/es\/wp-json\/wp\/v2\/pages\/437"}],"collection":[{"href":"https:\/\/riverbeartrading.com\/es\/wp-json\/wp\/v2\/pages"}],"about":[{"href":"https:\/\/riverbeartrading.com\/es\/wp-json\/wp\/v2\/types\/page"}],"author":[{"embeddable":true,"href":"https:\/\/riverbeartrading.com\/es\/wp-json\/wp\/v2\/users\/1"}],"replies":[{"embeddable":true,"href":"https:\/\/riverbeartrading.com\/es\/wp-json\/wp\/v2\/comments?post=437"}],"version-history":[{"count":10,"href":"https:\/\/riverbeartrading.com\/es\/wp-json\/wp\/v2\/pages\/437\/revisions"}],"predecessor-version":[{"id":992,"href":"https:\/\/riverbeartrading.com\/es\/wp-json\/wp\/v2\/pages\/437\/revisions\/992"}],"wp:attachment":[{"href":"https:\/\/riverbeartrading.com\/es\/wp-json\/wp\/v2\/media?parent=437"}],"curies":[{"name":"wp","href":"https:\/\/api.w.org\/{rel}","templated":true}]}}