{"id":442,"date":"2024-04-20T21:02:26","date_gmt":"2024-04-20T21:02:26","guid":{"rendered":"https:\/\/riverbeartrading.com\/?page_id=442"},"modified":"2024-07-10T21:13:54","modified_gmt":"2024-07-10T21:13:54","slug":"return-and-refund-policies","status":"publish","type":"page","link":"https:\/\/riverbeartrading.com\/es\/return-and-refund-policies\/","title":{"rendered":"Return and Refund Policies"},"content":{"rendered":"<div data-elementor-type=\"wp-page\" data-elementor-id=\"442\" class=\"elementor elementor-442\" data-elementor-post-type=\"page\">\n\t\t\t\t<div class=\"elementor-element elementor-element-24ad1974 e-flex e-con-boxed e-con e-parent\" data-id=\"24ad1974\" data-element_type=\"container\">\n\t\t\t\t\t<div class=\"e-con-inner\">\n\t\t\t\t<div class=\"elementor-element elementor-element-173945e4 elementor-widget elementor-widget-spacer\" data-id=\"173945e4\" data-element_type=\"widget\" data-widget_type=\"spacer.default\">\n\t\t\t\t<div class=\"elementor-widget-container\">\n\t\t\t\t\t\t\t<div class=\"elementor-spacer\">\n\t\t\t<div class=\"elementor-spacer-inner\"><\/div>\n\t\t<\/div>\n\t\t\t\t\t\t<\/div>\n\t\t\t\t<\/div>\n\t\t\t\t<div class=\"elementor-element elementor-element-3aa4b6ad elementor-widget elementor-widget-text-editor\" data-id=\"3aa4b6ad\" data-element_type=\"widget\" data-widget_type=\"text-editor.default\">\n\t\t\t\t<div class=\"elementor-widget-container\">\n\t\t\t\t\t\t\t\t\t<h3>Pol\u00edtica de devoluci\u00f3n y Reembolso<\/h3><p>Actualizado en 2024-04-20<\/p><h3>Definiciones y t\u00e9rminos clave<\/h3><p>Para ayudar a explicar las cosas tan claramente como sea posible en esta Pol\u00edtica de Devoluci\u00f3n y Reembolso, siempre que cualquiera de estos t\u00e9rminos se refiere, est\u00e1n estrictamente definidos como:<\/p><ul><li>Cookie: Una peque\u00f1a cantidad de datos generados por un sitio web y almacenada en el navegador web. Se utiliza para identificar su navegador, an\u00e1lisis, recordar la informaci\u00f3n acerca de usted, tal como su preferencia de idioma o informaci\u00f3n de inicio de sesi\u00f3n.<\/li><li>Empresa: Cuando esta pol\u00edtica se menciona la &#034;Compa\u00f1\u00eda&#034;, &#034;nosotros&#034;, &#034;nos&#034;, &#034;nosotros&#034; o &#034;nuestro&#034;, se refiere a R\u00edo Oso de Comercio, el cual es responsable de su informaci\u00f3n de conformidad con esta Pol\u00edtica de Devoluci\u00f3n y Reembolso.<\/li><li>Plataforma: River Bear Trading de Internet del sitio web, aplicaci\u00f3n web o el p\u00fablico digital de la aplicaci\u00f3n.<\/li><li>Cliente: significa que la empresa, organizaci\u00f3n o persona que se registra para utilizar el River Bear Trading de Servicios Comerciales para la gesti\u00f3n de las relaciones con sus consumidores o usuarios del servicio.<\/li><li>Dispositivo: cualquier dispositivo conectado a Internet, tales como un tel\u00e9fono, tablet, ordenador o cualquier otro dispositivo que pueda ser utilizado para visitar el River Bear Trading y el uso de los Servicios.<\/li><li>Servicio: se refiere al servicio prestado por el River Bear Trading, como se describe en t\u00e9rminos relativos (si est\u00e1 disponible) y en esta plataforma.<\/li><li>P\u00e1gina web: Sitio web de River Bear Trading, al que se puede acceder a trav\u00e9s de esta URL: https:\/\/riverbeartrading.com\/<\/li><li>Usted: una persona o entidad que est\u00e1 registrado con el River Bear Trading para el uso de los Servicios.<\/li><\/ul><h3>Pol\u00edtica de devoluci\u00f3n y Reembolso<\/h3><p>Gracias por comprar en R\u00edo Oso de Comercio. Apreciamos el hecho de que usted disfrute de la compra de las cosas que queremos construir. Tambi\u00e9n desea asegurarse de que usted tiene una experiencia gratificante, ya que examinar, evaluar y comprar nuestros productos.<\/p><p>Como con cualquier experiencia de compra, hay t\u00e9rminos y condiciones que se aplican a las transacciones en el R\u00edo Oso de Comercio. Vamos a ser tan breve como nuestros abogados permitir. Lo principal a recordar es que mediante la colocaci\u00f3n de un pedido o realizar una compra en R\u00edo Oso de Comercio, usted acepta los t\u00e9rminos y condiciones establecidos a continuaci\u00f3n, junto con el R\u00edo Oso de Negociaci\u00f3n Pol\u00edtica de Privacidad.<\/p><p>Si hay alg\u00fan problema con el producto que ha comprado, o si usted no est\u00e1 satisfecho con \u00e9l, usted no ser\u00e1 capaz de emitir un reembolso de tu art\u00edculo.<\/p><h3>Los reembolsos<\/h3><p>En R\u00edo Oso de Comercio estamos comprometidos a servir a nuestros clientes con los mejores productos. Cada producto que usted elija es inspeccionado a fondo, marcada por los defectos y envasadas con sumo cuidado. Hacemos esto para asegurarse de que la ca\u00edda en el amor con nuestros productos.<\/p><p>Por desgracia, hay veces cuando no tenemos los productos que usted elija en stock o podemos tener algunos problemas con nuestro inventario y control de calidad. En tales casos, nos vemos obligados a cancelar su pedido. Usted ser\u00e1 informado sobre esto de antemano, de modo que usted no tiene que preocuparse de su pedido. Si usted ha comprado el pago en l\u00ednea (no contrareembolso), que ser\u00e1 devuelto una vez que nuestro equipo confirma su pedido.<\/p><p>Realizamos un exhaustivo control de calidad antes de procesar el tema de la orden. Hemos de tener sumo cuidado en el embalaje del producto. Al mismo tiempo, nos aseguramos de que el embalaje es bueno, as\u00ed que los \u00edtems no est\u00e1n da\u00f1ados durante el transporte. Por favor, tenga en cuenta que el R\u00edo Oso de Comercio no es responsable por los da\u00f1os causados a los elementos durante el transporte o el transporte.<\/p><p>Tenemos que seguir ciertas pol\u00edticas para garantizar la transparencia, la eficiencia y la calidad de servicio al cliente:<\/p><ul><li>NO permitimos que las devoluciones de los productos que se venden en l\u00ednea o en las tiendas.<\/li><li>NO aceptamos devoluciones de productos, como creemos que los clientes deben obtener la mejor calidad de productos.<\/li><li>NO se hacen reembolsos por cualquier compra realizada, ya sea en l\u00ednea o en una tienda minorista.<\/li><li>Softonic NO fomentar el intercambio de nuestros productos.<\/li><li>Nosotros NO participamos en la reventa de productos de uso y desalentar el uso del mismo, porque no podemos garantizar la mejor calidad de productos para nuestros clientes.<\/li><\/ul><p>Para pedidos internacionales:<\/p><ul><li>NO aceptamos devoluciones o intercambios.<\/li><li>Si cancelar el pedido antes de procesarlo y enviarlo para su env\u00edo, un reembolso puede ser procesada. Los pedidos suelen tardar 1-2 d\u00edas antes del env\u00edo.<\/li><li>Los pedidos ya en el env\u00edo no pueden ser devueltos, cancelado o devuelto.<\/li><li>Si usted tiene cualquier problema, por favor p\u00f3ngase en contacto con nuestro equipo de soporte.<\/li><\/ul><h3>\u00a0<\/h3><h3>Su consentimiento<\/h3><p>Mediante el uso de nuestra plataforma, el registro de una cuenta o realizar una compra, usted acepta nuestra Pol\u00edtica de Devoluci\u00f3n y Reembolso y de acuerdo a sus t\u00e9rminos.<\/p><h3>Cambios a nuestra Pol\u00edtica de Devoluci\u00f3n y Reembolso<\/h3><p>Podemos actualizar, modificar o realizar cambios a este documento para reflejar con precisi\u00f3n nuestro Servicio y nuestras pol\u00edticas. A menos que la ley exija lo contrario, los cambios se exhibir\u00e1n aqu\u00ed. A partir de entonces, si usted contin\u00faa utilizando el Servicio, usted estar\u00e1 sujeto a la actualizaci\u00f3n de la Pol\u00edtica de Devoluci\u00f3n y Reembolso. Si usted no desea aceptar esta o cualquier actualizado Pol\u00edtica de devoluciones y reembolsos, puede eliminar su cuenta.<\/p><h3>\u00a0<\/h3><h3>P\u00f3ngase en contacto con nosotros en<\/h3><p>Si por alguna raz\u00f3n usted no est\u00e1 completamente satisfecho con cualquiera de los productos o servicios que ofrecemos, por favor si\u00e9ntase libre de contactar con nosotros y vamos a discutir algunos de los problemas que est\u00e1n experimentando con nuestro producto.<\/p><ul><li>Por e-mail:<a href=\"mailto:info@riverbeartrading.com\"><b>info@<\/b>riverbeartrading.com<\/a><\/li><li>A trav\u00e9s del n\u00famero de tel\u00e9fono: +1 941 577 9728<\/li><\/ul>\t\t\t\t\t\t\t\t<\/div>\n\t\t\t\t<\/div>\n\t\t\t\t<div class=\"elementor-element elementor-element-61ac7d60 elementor-widget elementor-widget-spacer\" data-id=\"61ac7d60\" data-element_type=\"widget\" data-widget_type=\"spacer.default\">\n\t\t\t\t<div class=\"elementor-widget-container\">\n\t\t\t\t\t\t\t<div class=\"elementor-spacer\">\n\t\t\t<div class=\"elementor-spacer-inner\"><\/div>\n\t\t<\/div>\n\t\t\t\t\t\t<\/div>\n\t\t\t\t<\/div>\n\t\t\t\t\t<\/div>\n\t\t\t\t<\/div>\n\t\t\t\t<\/div>","protected":false},"excerpt":{"rendered":"<p>Return and Refund Policy Updated on 2024-04-20 Definitions and key terms To help explain things as clearly as possible in this Return and Refund Policy, whenever any of these terms are referred to, they are strictly defined as: Cookie: A small amount of data generated by a website and stored by your web browser. It [&hellip;]<\/p>","protected":false},"author":1,"featured_media":0,"parent":0,"menu_order":0,"comment_status":"closed","ping_status":"closed","template":"","meta":{"footnotes":""},"class_list":["post-442","page","type-page","status-publish","hentry"],"_links":{"self":[{"href":"https:\/\/riverbeartrading.com\/es\/wp-json\/wp\/v2\/pages\/442"}],"collection":[{"href":"https:\/\/riverbeartrading.com\/es\/wp-json\/wp\/v2\/pages"}],"about":[{"href":"https:\/\/riverbeartrading.com\/es\/wp-json\/wp\/v2\/types\/page"}],"author":[{"embeddable":true,"href":"https:\/\/riverbeartrading.com\/es\/wp-json\/wp\/v2\/users\/1"}],"replies":[{"embeddable":true,"href":"https:\/\/riverbeartrading.com\/es\/wp-json\/wp\/v2\/comments?post=442"}],"version-history":[{"count":7,"href":"https:\/\/riverbeartrading.com\/es\/wp-json\/wp\/v2\/pages\/442\/revisions"}],"predecessor-version":[{"id":962,"href":"https:\/\/riverbeartrading.com\/es\/wp-json\/wp\/v2\/pages\/442\/revisions\/962"}],"wp:attachment":[{"href":"https:\/\/riverbeartrading.com\/es\/wp-json\/wp\/v2\/media?parent=442"}],"curies":[{"name":"wp","href":"https:\/\/api.w.org\/{rel}","templated":true}]}}