{"id":76,"date":"2024-04-17T17:23:56","date_gmt":"2024-04-17T17:23:56","guid":{"rendered":"https:\/\/riverbeartrading.com\/?page_id=76"},"modified":"2025-05-15T22:23:48","modified_gmt":"2025-05-16T02:23:48","slug":"about-us","status":"publish","type":"page","link":"https:\/\/riverbeartrading.com\/es\/about-us\/","title":{"rendered":"Nosotros"},"content":{"rendered":"<div data-elementor-type=\"wp-page\" data-elementor-id=\"76\" class=\"elementor elementor-76\" data-elementor-post-type=\"page\">\n\t\t\t\t\t\t<section class=\"elementor-section elementor-top-section elementor-element elementor-element-111c94f elementor-section-boxed elementor-section-height-default elementor-section-height-default\" data-id=\"111c94f\" data-element_type=\"section\" data-settings=\"{&quot;background_background&quot;:&quot;classic&quot;,&quot;background_motion_fx_motion_fx_scrolling&quot;:&quot;yes&quot;,&quot;background_motion_fx_translateY_effect&quot;:&quot;yes&quot;,&quot;background_motion_fx_translateY_speed&quot;:{&quot;unit&quot;:&quot;px&quot;,&quot;size&quot;:10,&quot;sizes&quot;:[]},&quot;background_motion_fx_devices&quot;:[&quot;desktop&quot;,&quot;tablet&quot;],&quot;background_motion_fx_translateY_affectedRange&quot;:{&quot;unit&quot;:&quot;%&quot;,&quot;size&quot;:&quot;&quot;,&quot;sizes&quot;:{&quot;start&quot;:0,&quot;end&quot;:100}}}\">\n\t\t\t\t\t\t\t<div class=\"elementor-background-overlay\"><\/div>\n\t\t\t\t\t\t\t<div class=\"elementor-container elementor-column-gap-default\">\n\t\t\t\t\t<div class=\"elementor-column elementor-col-100 elementor-top-column elementor-element elementor-element-743c2f7c\" data-id=\"743c2f7c\" data-element_type=\"column\">\n\t\t\t<div class=\"elementor-widget-wrap elementor-element-populated\">\n\t\t\t\t\t\t<div class=\"elementor-element elementor-element-3cea18bf elementor-widget elementor-widget-heading\" data-id=\"3cea18bf\" data-element_type=\"widget\" data-widget_type=\"heading.default\">\n\t\t\t\t<div class=\"elementor-widget-container\">\n\t\t\t\t\t<h1 class=\"elementor-heading-title elementor-size-default\">Nosotros<\/h1>\t\t\t\t<\/div>\n\t\t\t\t<\/div>\n\t\t\t\t<div class=\"elementor-element elementor-element-7f154a74 elementor-widget elementor-widget-heading\" data-id=\"7f154a74\" data-element_type=\"widget\" data-widget_type=\"heading.default\">\n\t\t\t\t<div class=\"elementor-widget-container\">\n\t\t\t\t\t<h4 class=\"elementor-heading-title elementor-size-default\">Descubre la aut\u00e9ntica esencia de Colombia<\/h4>\t\t\t\t<\/div>\n\t\t\t\t<\/div>\n\t\t\t\t\t<\/div>\n\t\t<\/div>\n\t\t\t\t\t<\/div>\n\t\t<\/section>\n\t\t\t\t<section class=\"elementor-section elementor-top-section elementor-element elementor-element-12b74f02 elementor-section-boxed elementor-section-height-default elementor-section-height-default\" data-id=\"12b74f02\" data-element_type=\"section\" data-settings=\"{&quot;background_background&quot;:&quot;classic&quot;}\">\n\t\t\t\t\t\t\t<div class=\"elementor-background-overlay\"><\/div>\n\t\t\t\t\t\t\t<div class=\"elementor-container elementor-column-gap-default\">\n\t\t\t\t\t<div class=\"elementor-column elementor-col-50 elementor-top-column elementor-element elementor-element-7192e22f elementor-invisible\" data-id=\"7192e22f\" data-element_type=\"column\" data-settings=\"{&quot;animation&quot;:&quot;fadeInLeft&quot;}\">\n\t\t\t<div class=\"elementor-widget-wrap elementor-element-populated\">\n\t\t\t\t\t\t<div class=\"elementor-element elementor-element-43605f1c elementor-widget elementor-widget-heading\" data-id=\"43605f1c\" data-element_type=\"widget\" data-widget_type=\"heading.default\">\n\t\t\t\t<div class=\"elementor-widget-container\">\n\t\t\t\t\t<h6 class=\"elementor-heading-title elementor-size-default\">Quienes somos<\/h6>\t\t\t\t<\/div>\n\t\t\t\t<\/div>\n\t\t\t\t<div class=\"elementor-element elementor-element-604a7e79 elementor-widget elementor-widget-heading\" data-id=\"604a7e79\" data-element_type=\"widget\" data-widget_type=\"heading.default\">\n\t\t\t\t<div class=\"elementor-widget-container\">\n\t\t\t\t\t<h2 class=\"elementor-heading-title elementor-size-default\">\u00a1Bienvenido a River Bear Trading!<\/h2>\t\t\t\t<\/div>\n\t\t\t\t<\/div>\n\t\t\t\t<div class=\"elementor-element elementor-element-138e336b elementor-widget elementor-widget-text-editor\" data-id=\"138e336b\" data-element_type=\"widget\" data-widget_type=\"text-editor.default\">\n\t\t\t\t<div class=\"elementor-widget-container\">\n\t\t\t\t\t\t\t\t\t<p>Nos apasiona compartir con el mundo la rica cultura y los diversos productos de Colombia. Desde nuestra sede en los Estados Unidos, nos esforzamos por ser el puente que conecta a los amantes de Colombia con los productos m\u00e1s aut\u00e9nticos y de alta calidad que nuestra hermosa tierra tiene para ofrecer. En River Bear Trading, no solo nos dedicamos a ofrecer productos de alta calidad, sino que tambi\u00e9n estamos comprometidos con la promoci\u00f3n de pr\u00e1cticas empresariales, \u00e9ticas y sostenibles.<br \/>Nuestro compromiso con la excelencia y la autenticidad que nos lleva a buscar constantemente nuevos productos y experiencias que enriquecen la vida de nuestros clientes.<\/p>\t\t\t\t\t\t\t\t<\/div>\n\t\t\t\t<\/div>\n\t\t\t\t<div class=\"elementor-element elementor-element-6f8f609e elementor-widget elementor-widget-button\" data-id=\"6f8f609e\" data-element_type=\"widget\" data-widget_type=\"button.default\">\n\t\t\t\t<div class=\"elementor-widget-container\">\n\t\t\t\t\t\t\t\t\t<div class=\"elementor-button-wrapper\">\n\t\t\t\t\t<a class=\"elementor-button elementor-button-link elementor-size-md\" href=\"https:\/\/riverbeartrading.com\/es\/team\/\">\n\t\t\t\t\t\t<span class=\"elementor-button-content-wrapper\">\n\t\t\t\t\t\t\t\t\t<span class=\"elementor-button-text\">Descubra m\u00e1s<\/span>\n\t\t\t\t\t<\/span>\n\t\t\t\t\t<\/a>\n\t\t\t\t<\/div>\n\t\t\t\t\t\t\t\t<\/div>\n\t\t\t\t<\/div>\n\t\t\t\t\t<\/div>\n\t\t<\/div>\n\t\t\t\t<div class=\"elementor-column elementor-col-50 elementor-top-column elementor-element elementor-element-4c62a35d elementor-invisible\" data-id=\"4c62a35d\" data-element_type=\"column\" data-settings=\"{&quot;animation&quot;:&quot;fadeInRight&quot;}\">\n\t\t\t<div class=\"elementor-widget-wrap elementor-element-populated\">\n\t\t\t\t\t\t<div class=\"elementor-element elementor-element-1de50fb elementor-widget elementor-widget-image\" data-id=\"1de50fb\" data-element_type=\"widget\" data-widget_type=\"image.default\">\n\t\t\t\t<div class=\"elementor-widget-container\">\n\t\t\t\t\t\t\t\t\t\t\t\t\t\t\t<img fetchpriority=\"high\" decoding=\"async\" width=\"1709\" height=\"2560\" src=\"https:\/\/riverbeartrading.com\/wp-content\/uploads\/2024\/04\/high-angle-coffee-concept-wooden-table-scaled.jpg\" class=\"attachment-full size-full wp-image-476\" alt=\"\" srcset=\"https:\/\/riverbeartrading.com\/wp-content\/uploads\/2024\/04\/high-angle-coffee-concept-wooden-table-scaled.jpg 1709w, https:\/\/riverbeartrading.com\/wp-content\/uploads\/2024\/04\/high-angle-coffee-concept-wooden-table-200x300.jpg 200w, https:\/\/riverbeartrading.com\/wp-content\/uploads\/2024\/04\/high-angle-coffee-concept-wooden-table-684x1024.jpg 684w, https:\/\/riverbeartrading.com\/wp-content\/uploads\/2024\/04\/high-angle-coffee-concept-wooden-table-768x1151.jpg 768w, https:\/\/riverbeartrading.com\/wp-content\/uploads\/2024\/04\/high-angle-coffee-concept-wooden-table-1025x1536.jpg 1025w, https:\/\/riverbeartrading.com\/wp-content\/uploads\/2024\/04\/high-angle-coffee-concept-wooden-table-1367x2048.jpg 1367w, https:\/\/riverbeartrading.com\/wp-content\/uploads\/2024\/04\/high-angle-coffee-concept-wooden-table-8x12.jpg 8w, https:\/\/riverbeartrading.com\/wp-content\/uploads\/2024\/04\/high-angle-coffee-concept-wooden-table-600x899.jpg 600w\" sizes=\"(max-width: 1709px) 100vw, 1709px\" \/>\t\t\t\t\t\t\t\t\t\t\t\t\t\t\t<\/div>\n\t\t\t\t<\/div>\n\t\t\t\t\t<\/div>\n\t\t<\/div>\n\t\t\t\t\t<\/div>\n\t\t<\/section>\n\t\t\t\t<section class=\"elementor-section elementor-top-section elementor-element elementor-element-75518618 elementor-section-boxed elementor-section-height-default elementor-section-height-default\" data-id=\"75518618\" data-element_type=\"section\" data-settings=\"{&quot;background_background&quot;:&quot;classic&quot;}\">\n\t\t\t\t\t\t\t<div class=\"elementor-background-overlay\"><\/div>\n\t\t\t\t\t\t\t<div class=\"elementor-container elementor-column-gap-default\">\n\t\t\t\t\t<div class=\"elementor-column elementor-col-50 elementor-top-column elementor-element elementor-element-3b1d0557 elementor-invisible\" data-id=\"3b1d0557\" data-element_type=\"column\" data-settings=\"{&quot;animation&quot;:&quot;rotateInUpLeft&quot;}\">\n\t\t\t<div class=\"elementor-widget-wrap elementor-element-populated\">\n\t\t\t\t\t\t<div class=\"elementor-element elementor-element-5f7d879c elementor-widget elementor-widget-image\" data-id=\"5f7d879c\" data-element_type=\"widget\" data-widget_type=\"image.default\">\n\t\t\t\t<div class=\"elementor-widget-container\">\n\t\t\t\t\t\t\t\t\t\t\t\t\t\t\t<img decoding=\"async\" width=\"2560\" height=\"1707\" src=\"https:\/\/riverbeartrading.com\/wp-content\/uploads\/2024\/04\/Caficultores-11-finca-2-scaled.jpg\" class=\"attachment-full size-full wp-image-629\" alt=\"\" srcset=\"https:\/\/riverbeartrading.com\/wp-content\/uploads\/2024\/04\/Caficultores-11-finca-2-scaled.jpg 2560w, https:\/\/riverbeartrading.com\/wp-content\/uploads\/2024\/04\/Caficultores-11-finca-2-300x200.jpg 300w, https:\/\/riverbeartrading.com\/wp-content\/uploads\/2024\/04\/Caficultores-11-finca-2-1024x683.jpg 1024w, https:\/\/riverbeartrading.com\/wp-content\/uploads\/2024\/04\/Caficultores-11-finca-2-768x512.jpg 768w, https:\/\/riverbeartrading.com\/wp-content\/uploads\/2024\/04\/Caficultores-11-finca-2-1536x1024.jpg 1536w, https:\/\/riverbeartrading.com\/wp-content\/uploads\/2024\/04\/Caficultores-11-finca-2-2048x1365.jpg 2048w, https:\/\/riverbeartrading.com\/wp-content\/uploads\/2024\/04\/Caficultores-11-finca-2-18x12.jpg 18w, https:\/\/riverbeartrading.com\/wp-content\/uploads\/2024\/04\/Caficultores-11-finca-2-600x400.jpg 600w\" sizes=\"(max-width: 2560px) 100vw, 2560px\" \/>\t\t\t\t\t\t\t\t\t\t\t\t\t\t\t<\/div>\n\t\t\t\t<\/div>\n\t\t\t\t\t<\/div>\n\t\t<\/div>\n\t\t\t\t<div class=\"elementor-column elementor-col-50 elementor-top-column elementor-element elementor-element-1c22d4fc elementor-invisible\" data-id=\"1c22d4fc\" data-element_type=\"column\" data-settings=\"{&quot;animation&quot;:&quot;fadeInRight&quot;}\">\n\t\t\t<div class=\"elementor-widget-wrap elementor-element-populated\">\n\t\t\t\t\t\t<div class=\"elementor-element elementor-element-6e3789c5 elementor-widget elementor-widget-heading\" data-id=\"6e3789c5\" data-element_type=\"widget\" data-widget_type=\"heading.default\">\n\t\t\t\t<div class=\"elementor-widget-container\">\n\t\t\t\t\t<h6 class=\"elementor-heading-title elementor-size-default\">Nuestra misi\u00f3n<\/h6>\t\t\t\t<\/div>\n\t\t\t\t<\/div>\n\t\t\t\t<div class=\"elementor-element elementor-element-7b9e65f3 elementor-widget elementor-widget-heading\" data-id=\"7b9e65f3\" data-element_type=\"widget\" data-widget_type=\"heading.default\">\n\t\t\t\t<div class=\"elementor-widget-container\">\n\t\t\t\t\t<h2 class=\"elementor-heading-title elementor-size-default\">Nuestra misi\u00f3n es simple pero poderosa<\/h2>\t\t\t\t<\/div>\n\t\t\t\t<\/div>\n\t\t\t\t<div class=\"elementor-element elementor-element-42326c70 elementor-widget elementor-widget-text-editor\" data-id=\"42326c70\" data-element_type=\"widget\" data-widget_type=\"text-editor.default\">\n\t\t\t\t<div class=\"elementor-widget-container\">\n\t\t\t\t\t\t\t\t\t<p>Queremos ser el puente que conecte a personas de todo el mundo con la rica cultura y los excepcionales productos de Colombia. Nos esforzamos por promover el conocimiento y la apreciaci\u00f3n de la diversidad de Colombia, al tiempo que proporcionamos un acceso f\u00e1cil y c\u00f3modo a una amplia gama de productos aut\u00e9nticos y de alta calidad.<br \/>Creemos en el poder transformador de los productos para contar historias y crear conexiones significativas. Por eso nos comprometemos a ofrecer una cuidadosa selecci\u00f3n de productos que reflejen la artesan\u00eda, la tradici\u00f3n y el sabor \u00fanicos de Colombia.<\/p>\t\t\t\t\t\t\t\t<\/div>\n\t\t\t\t<\/div>\n\t\t\t\t\t<\/div>\n\t\t<\/div>\n\t\t\t\t\t<\/div>\n\t\t<\/section>\n\t\t\t\t<section class=\"elementor-section elementor-top-section elementor-element elementor-element-07c9f91 elementor-section-boxed elementor-section-height-default elementor-section-height-default\" data-id=\"07c9f91\" data-element_type=\"section\">\n\t\t\t\t\t\t<div class=\"elementor-container elementor-column-gap-default\">\n\t\t\t\t\t<div class=\"elementor-column elementor-col-50 elementor-top-column elementor-element elementor-element-79e3ec3 elementor-invisible\" data-id=\"79e3ec3\" data-element_type=\"column\" data-settings=\"{&quot;animation&quot;:&quot;fadeInLeft&quot;}\">\n\t\t\t<div class=\"elementor-widget-wrap elementor-element-populated\">\n\t\t\t\t\t\t<div class=\"elementor-element elementor-element-6a39562 elementor-widget elementor-widget-heading\" data-id=\"6a39562\" data-element_type=\"widget\" data-widget_type=\"heading.default\">\n\t\t\t\t<div class=\"elementor-widget-container\">\n\t\t\t\t\t<h6 class=\"elementor-heading-title elementor-size-default\">River Bear Trading<\/h6>\t\t\t\t<\/div>\n\t\t\t\t<\/div>\n\t\t\t\t<div class=\"elementor-element elementor-element-c00e408 elementor-widget elementor-widget-text-editor\" data-id=\"c00e408\" data-element_type=\"widget\" data-widget_type=\"text-editor.default\">\n\t\t\t\t<div class=\"elementor-widget-container\">\n\t\t\t\t\t\t\t\t\t<p>River Bear Trading es su portal exclusivo para explorar la riqueza y diversidad de Colombia desde la comodidad de su hogar en los Estados Unidos.<\/p>\t\t\t\t\t\t\t\t<\/div>\n\t\t\t\t<\/div>\n\t\t\t\t<div class=\"elementor-element elementor-element-b2df133 elementor-view-stacked elementor-position-left elementor-shape-circle elementor-mobile-position-top elementor-widget elementor-widget-icon-box\" data-id=\"b2df133\" data-element_type=\"widget\" data-widget_type=\"icon-box.default\">\n\t\t\t\t<div class=\"elementor-widget-container\">\n\t\t\t\t\t\t\t<div class=\"elementor-icon-box-wrapper\">\n\n\t\t\t\t\t\t<div class=\"elementor-icon-box-icon\">\n\t\t\t\t<span  class=\"elementor-icon\">\n\t\t\t\t<i aria-hidden=\"true\" class=\"xlwpf wppb-font-favorites\"><\/i>\t\t\t\t<\/span>\n\t\t\t<\/div>\n\t\t\t\n\t\t\t\t\t\t<div class=\"elementor-icon-box-content\">\n\n\t\t\t\t\t\t\t\t\t<h4 class=\"elementor-icon-box-title\">\n\t\t\t\t\t\t<span  >\n\t\t\t\t\t\t\tInigualable variedad\t\t\t\t\t\t<\/span>\n\t\t\t\t\t<\/h4>\n\t\t\t\t\n\t\t\t\t\t\t\t\t\t<p class=\"elementor-icon-box-description\">\n\t\t\t\t\t\tEn River Bear Trading, ofrecemos una amplia gama de productos colombianos que van desde alimentos tradicionales hasta artesan\u00edas \u00fanicas. \t\t\t\t\t<\/p>\n\t\t\t\t\n\t\t\t<\/div>\n\t\t\t\n\t\t<\/div>\n\t\t\t\t\t\t<\/div>\n\t\t\t\t<\/div>\n\t\t\t\t<div class=\"elementor-element elementor-element-8284c36 elementor-view-stacked elementor-position-left elementor-shape-circle elementor-mobile-position-top elementor-widget elementor-widget-icon-box\" data-id=\"8284c36\" data-element_type=\"widget\" data-widget_type=\"icon-box.default\">\n\t\t\t\t<div class=\"elementor-widget-container\">\n\t\t\t\t\t\t\t<div class=\"elementor-icon-box-wrapper\">\n\n\t\t\t\t\t\t<div class=\"elementor-icon-box-icon\">\n\t\t\t\t<span  class=\"elementor-icon\">\n\t\t\t\t<i aria-hidden=\"true\" class=\"xlwpf wppb-font-iphone\"><\/i>\t\t\t\t<\/span>\n\t\t\t<\/div>\n\t\t\t\n\t\t\t\t\t\t<div class=\"elementor-icon-box-content\">\n\n\t\t\t\t\t\t\t\t\t<h4 class=\"elementor-icon-box-title\">\n\t\t\t\t\t\t<span  >\n\t\t\t\t\t\t\tOrden En L\u00ednea\t\t\t\t\t\t<\/span>\n\t\t\t\t\t<\/h4>\n\t\t\t\t\n\t\t\t\t\t\t\t\t\t<p class=\"elementor-icon-box-description\">\n\t\t\t\t\t\t\u00a1Haga su pedido en l\u00ednea con facilidad! Con River Bear Trading, puedes navegar por nuestra amplia selecci\u00f3n de productos colombianos y hacer tu compra con solo unos clics - \u00a1disfruta de la comodidad de comprar desde casa y deja que nosotros nos encarguemos del resto!\t\t\t\t\t<\/p>\n\t\t\t\t\n\t\t\t<\/div>\n\t\t\t\n\t\t<\/div>\n\t\t\t\t\t\t<\/div>\n\t\t\t\t<\/div>\n\t\t\t\t\t<\/div>\n\t\t<\/div>\n\t\t\t\t<div class=\"elementor-column elementor-col-50 elementor-top-column elementor-element elementor-element-88455f2\" data-id=\"88455f2\" data-element_type=\"column\">\n\t\t\t<div class=\"elementor-widget-wrap elementor-element-populated\">\n\t\t\t\t\t\t<div class=\"elementor-element elementor-element-ad4dbf7 elementor-widget elementor-widget-image\" data-id=\"ad4dbf7\" data-element_type=\"widget\" data-widget_type=\"image.default\">\n\t\t\t\t<div class=\"elementor-widget-container\">\n\t\t\t\t\t\t\t\t\t\t\t\t\t\t\t<img decoding=\"async\" width=\"800\" height=\"800\" src=\"https:\/\/riverbeartrading.com\/wp-content\/uploads\/2025\/05\/woman-coffee.png\" class=\"attachment-large size-large wp-image-1072\" alt=\"\" srcset=\"https:\/\/riverbeartrading.com\/wp-content\/uploads\/2025\/05\/woman-coffee.png 1024w, https:\/\/riverbeartrading.com\/wp-content\/uploads\/2025\/05\/woman-coffee-300x300.png 300w, https:\/\/riverbeartrading.com\/wp-content\/uploads\/2025\/05\/woman-coffee-150x150.png 150w, https:\/\/riverbeartrading.com\/wp-content\/uploads\/2025\/05\/woman-coffee-768x768.png 768w, https:\/\/riverbeartrading.com\/wp-content\/uploads\/2025\/05\/woman-coffee-12x12.png 12w, https:\/\/riverbeartrading.com\/wp-content\/uploads\/2025\/05\/woman-coffee-600x600.png 600w, https:\/\/riverbeartrading.com\/wp-content\/uploads\/2025\/05\/woman-coffee-100x100.png 100w\" sizes=\"(max-width: 800px) 100vw, 800px\" \/>\t\t\t\t\t\t\t\t\t\t\t\t\t\t\t<\/div>\n\t\t\t\t<\/div>\n\t\t\t\t<div class=\"elementor-element elementor-element-0273804 elementor-widget__width-auto elementor-absolute elementor-invisible elementor-widget elementor-widget-image\" data-id=\"0273804\" data-element_type=\"widget\" data-settings=\"{&quot;_position&quot;:&quot;absolute&quot;,&quot;motion_fx_motion_fx_scrolling&quot;:&quot;yes&quot;,&quot;motion_fx_translateY_effect&quot;:&quot;yes&quot;,&quot;motion_fx_devices&quot;:[&quot;desktop&quot;,&quot;tablet&quot;],&quot;_animation&quot;:&quot;zoomIn&quot;,&quot;_animation_delay&quot;:240,&quot;motion_fx_translateY_speed&quot;:{&quot;unit&quot;:&quot;px&quot;,&quot;size&quot;:4,&quot;sizes&quot;:[]},&quot;motion_fx_translateY_affectedRange&quot;:{&quot;unit&quot;:&quot;%&quot;,&quot;size&quot;:&quot;&quot;,&quot;sizes&quot;:{&quot;start&quot;:0,&quot;end&quot;:100}}}\" data-widget_type=\"image.default\">\n\t\t\t\t<div class=\"elementor-widget-container\">\n\t\t\t\t\t\t\t\t\t\t\t\t\t\t\t<img decoding=\"async\" src=\"https:\/\/riverbeartrading.com\/wp-content\/uploads\/2024\/04\/cropped-Logo-de-River-Bear-Trading-1.png\" title=\"\" alt=\"\" loading=\"lazy\" \/>\t\t\t\t\t\t\t\t\t\t\t\t\t\t\t<\/div>\n\t\t\t\t<\/div>\n\t\t\t\t\t<\/div>\n\t\t<\/div>\n\t\t\t\t\t<\/div>\n\t\t<\/section>\n\t\t\t\t<section class=\"elementor-section elementor-top-section elementor-element elementor-element-a64f737 elementor-section-boxed elementor-section-height-default elementor-section-height-default\" data-id=\"a64f737\" data-element_type=\"section\">\n\t\t\t\t\t\t<div class=\"elementor-container elementor-column-gap-default\">\n\t\t\t\t\t<div class=\"elementor-column elementor-col-100 elementor-top-column elementor-element elementor-element-b055431\" data-id=\"b055431\" data-element_type=\"column\" data-settings=\"{&quot;background_background&quot;:&quot;classic&quot;}\">\n\t\t\t<div class=\"elementor-widget-wrap elementor-element-populated\">\n\t\t\t\t\t<div class=\"elementor-background-overlay\"><\/div>\n\t\t\t\t\t\t<section class=\"elementor-section elementor-inner-section elementor-element elementor-element-98c8b31 elementor-section-boxed elementor-section-height-default elementor-section-height-default\" data-id=\"98c8b31\" data-element_type=\"section\">\n\t\t\t\t\t\t<div class=\"elementor-container elementor-column-gap-default\">\n\t\t\t\t\t<div class=\"elementor-column elementor-col-100 elementor-inner-column elementor-element elementor-element-44aa93e elementor-invisible\" data-id=\"44aa93e\" data-element_type=\"column\" data-settings=\"{&quot;animation&quot;:&quot;fadeInUp&quot;}\">\n\t\t\t<div class=\"elementor-widget-wrap elementor-element-populated\">\n\t\t\t\t\t\t<div class=\"elementor-element elementor-element-97ed612 elementor-widget elementor-widget-heading\" data-id=\"97ed612\" data-element_type=\"widget\" data-widget_type=\"heading.default\">\n\t\t\t\t<div class=\"elementor-widget-container\">\n\t\t\t\t\t<h2 class=\"elementor-heading-title elementor-size-default\">No te pierdas esta incre\u00edble oferta<\/h2>\t\t\t\t<\/div>\n\t\t\t\t<\/div>\n\t\t\t\t<div class=\"elementor-element elementor-element-e50ffc6 elementor-widget elementor-widget-text-editor\" data-id=\"e50ffc6\" data-element_type=\"widget\" data-widget_type=\"text-editor.default\">\n\t\t\t\t<div class=\"elementor-widget-container\">\n\t\t\t\t\t\t\t\t\t<p>Es tu oportunidad perfecta para explorar nuestra selecci\u00f3n de alta calidad de los productos Colombianos a precios m\u00e1s econ\u00f3micos.<\/p>\t\t\t\t\t\t\t\t<\/div>\n\t\t\t\t<\/div>\n\t\t\t\t<div class=\"elementor-element elementor-element-a7e6efa elementor-align-center elementor-widget elementor-widget-button\" data-id=\"a7e6efa\" data-element_type=\"widget\" data-widget_type=\"button.default\">\n\t\t\t\t<div class=\"elementor-widget-container\">\n\t\t\t\t\t\t\t\t\t<div class=\"elementor-button-wrapper\">\n\t\t\t\t\t<a class=\"elementor-button elementor-button-link elementor-size-md\" href=\"https:\/\/riverbeartrading.com\/es\/shop\/\">\n\t\t\t\t\t\t<span class=\"elementor-button-content-wrapper\">\n\t\t\t\t\t\t<span class=\"elementor-button-icon\">\n\t\t\t\t<svg aria-hidden=\"true\" class=\"e-font-icon-svg e-fas-shopping-bag\" viewbox=\"0 0 448 512\" xmlns=\"http:\/\/www.w3.org\/2000\/svg\"><path d=\"M352 160v-32C352 57.42 294.579 0 224 0 153.42 0 96 57.42 96 128v32H0v272c0 44.183 35.817 80 80 80h288c44.183 0 80-35.817 80-80V160h-96zm-192-32c0-35.29 28.71-64 64-64s64 28.71 64 64v32H160v-32zm160 120c-13.255 0-24-10.745-24-24s10.745-24 24-24 24 10.745 24 24-10.745 24-24 24zm-192 0c-13.255 0-24-10.745-24-24s10.745-24 24-24 24 10.745 24 24-10.745 24-24 24z\"><\/path><\/svg>\t\t\t<\/span>\n\t\t\t\t\t\t\t\t\t<span class=\"elementor-button-text\">Compre Ahora<\/span>\n\t\t\t\t\t<\/span>\n\t\t\t\t\t<\/a>\n\t\t\t\t<\/div>\n\t\t\t\t\t\t\t\t<\/div>\n\t\t\t\t<\/div>\n\t\t\t\t\t<\/div>\n\t\t<\/div>\n\t\t\t\t\t<\/div>\n\t\t<\/section>\n\t\t\t\t\t<\/div>\n\t\t<\/div>\n\t\t\t\t\t<\/div>\n\t\t<\/section>\n\t\t\t\t<section class=\"elementor-section elementor-top-section elementor-element elementor-element-c525fc2 elementor-section-boxed elementor-section-height-default elementor-section-height-default\" data-id=\"c525fc2\" data-element_type=\"section\">\n\t\t\t\t\t\t<div class=\"elementor-container elementor-column-gap-default\">\n\t\t\t\t\t<div class=\"elementor-column elementor-col-100 elementor-top-column elementor-element elementor-element-b5222ae\" data-id=\"b5222ae\" data-element_type=\"column\">\n\t\t\t<div class=\"elementor-widget-wrap elementor-element-populated\">\n\t\t\t\t\t\t<section class=\"elementor-section elementor-inner-section elementor-element elementor-element-51010813 elementor-section-boxed elementor-section-height-default elementor-section-height-default\" data-id=\"51010813\" data-element_type=\"section\">\n\t\t\t\t\t\t<div class=\"elementor-container elementor-column-gap-default\">\n\t\t\t\t\t<div class=\"elementor-column elementor-col-100 elementor-inner-column elementor-element elementor-element-5dddb8ed elementor-invisible\" data-id=\"5dddb8ed\" data-element_type=\"column\" data-settings=\"{&quot;animation&quot;:&quot;fadeInUp&quot;}\">\n\t\t\t<div class=\"elementor-widget-wrap elementor-element-populated\">\n\t\t\t\t\t\t<div class=\"elementor-element elementor-element-4c2dbccc elementor-widget elementor-widget-heading\" data-id=\"4c2dbccc\" data-element_type=\"widget\" data-widget_type=\"heading.default\">\n\t\t\t\t<div class=\"elementor-widget-container\">\n\t\t\t\t\t<h6 class=\"elementor-heading-title elementor-size-default\">Informaci\u00f3n<\/h6>\t\t\t\t<\/div>\n\t\t\t\t<\/div>\n\t\t\t\t<div class=\"elementor-element elementor-element-4a9a8348 elementor-widget elementor-widget-heading\" data-id=\"4a9a8348\" data-element_type=\"widget\" data-widget_type=\"heading.default\">\n\t\t\t\t<div class=\"elementor-widget-container\">\n\t\t\t\t\t<h2 class=\"elementor-heading-title elementor-size-default\">Latest News &amp; Article<\/h2>\t\t\t\t<\/div>\n\t\t\t\t<\/div>\n\t\t\t\t<div class=\"elementor-element elementor-element-55ed9fb5 elementor-widget elementor-widget-text-editor\" data-id=\"55ed9fb5\" data-element_type=\"widget\" data-widget_type=\"text-editor.default\">\n\t\t\t\t<div class=\"elementor-widget-container\">\n\t\t\t\t\t\t\t\t\t<p>Con art\u00edculos informativos, inspiradores y entretenidos, nuestro objetivo es llevarle a un viaje \u00fanico lleno de descubrimientos, sabores y experiencias.<\/p>\t\t\t\t\t\t\t\t<\/div>\n\t\t\t\t<\/div>\n\t\t\t\t\t<\/div>\n\t\t<\/div>\n\t\t\t\t\t<\/div>\n\t\t<\/section>\n\t\t\t\t\t<\/div>\n\t\t<\/div>\n\t\t\t\t\t<\/div>\n\t\t<\/section>\n\t\t\t\t<\/div>","protected":false},"excerpt":{"rendered":"<p>Discover the authentic essence of Colombia Who we are Welcome to River Bear Trading! We are passionate about sharing Colombia&#8217;s rich culture and diverse products with the world. From our headquarters in the United States, we strive to be the bridge that connects lovers of Colombia with the most authentic and high quality products that [&hellip;]<\/p>","protected":false},"author":1,"featured_media":0,"parent":0,"menu_order":0,"comment_status":"closed","ping_status":"closed","template":"","meta":{"footnotes":""},"class_list":["post-76","page","type-page","status-publish","hentry"],"_links":{"self":[{"href":"https:\/\/riverbeartrading.com\/es\/wp-json\/wp\/v2\/pages\/76"}],"collection":[{"href":"https:\/\/riverbeartrading.com\/es\/wp-json\/wp\/v2\/pages"}],"about":[{"href":"https:\/\/riverbeartrading.com\/es\/wp-json\/wp\/v2\/types\/page"}],"author":[{"embeddable":true,"href":"https:\/\/riverbeartrading.com\/es\/wp-json\/wp\/v2\/users\/1"}],"replies":[{"embeddable":true,"href":"https:\/\/riverbeartrading.com\/es\/wp-json\/wp\/v2\/comments?post=76"}],"version-history":[{"count":52,"href":"https:\/\/riverbeartrading.com\/es\/wp-json\/wp\/v2\/pages\/76\/revisions"}],"predecessor-version":[{"id":1075,"href":"https:\/\/riverbeartrading.com\/es\/wp-json\/wp\/v2\/pages\/76\/revisions\/1075"}],"wp:attachment":[{"href":"https:\/\/riverbeartrading.com\/es\/wp-json\/wp\/v2\/media?parent=76"}],"curies":[{"name":"wp","href":"https:\/\/api.w.org\/{rel}","templated":true}]}}