{"id":92,"date":"2024-04-17T17:32:57","date_gmt":"2024-04-17T17:32:57","guid":{"rendered":"https:\/\/riverbeartrading.com\/?page_id=92"},"modified":"2024-04-26T22:33:35","modified_gmt":"2024-04-26T22:33:35","slug":"team","status":"publish","type":"page","link":"https:\/\/riverbeartrading.com\/es\/team\/","title":{"rendered":"Equipo"},"content":{"rendered":"<div data-elementor-type=\"wp-page\" data-elementor-id=\"92\" class=\"elementor elementor-92\" data-elementor-post-type=\"page\">\n\t\t\t\t\t\t<section class=\"elementor-section elementor-top-section elementor-element elementor-element-1a3a233 elementor-section-boxed elementor-section-height-default elementor-section-height-default\" data-id=\"1a3a233\" data-element_type=\"section\" data-settings=\"{&quot;background_background&quot;:&quot;classic&quot;,&quot;background_motion_fx_motion_fx_scrolling&quot;:&quot;yes&quot;,&quot;background_motion_fx_translateY_effect&quot;:&quot;yes&quot;,&quot;background_motion_fx_translateY_speed&quot;:{&quot;unit&quot;:&quot;px&quot;,&quot;size&quot;:10,&quot;sizes&quot;:[]},&quot;background_motion_fx_devices&quot;:[&quot;desktop&quot;,&quot;tablet&quot;],&quot;background_motion_fx_translateY_affectedRange&quot;:{&quot;unit&quot;:&quot;%&quot;,&quot;size&quot;:&quot;&quot;,&quot;sizes&quot;:{&quot;start&quot;:0,&quot;end&quot;:100}}}\">\n\t\t\t\t\t\t\t<div class=\"elementor-background-overlay\"><\/div>\n\t\t\t\t\t\t\t<div class=\"elementor-container elementor-column-gap-default\">\n\t\t\t\t\t<div class=\"elementor-column elementor-col-100 elementor-top-column elementor-element elementor-element-5ed2a97a\" data-id=\"5ed2a97a\" data-element_type=\"column\">\n\t\t\t<div class=\"elementor-widget-wrap elementor-element-populated\">\n\t\t\t\t\t\t<div class=\"elementor-element elementor-element-127dd08a elementor-widget elementor-widget-heading\" data-id=\"127dd08a\" data-element_type=\"widget\" data-widget_type=\"heading.default\">\n\t\t\t\t<div class=\"elementor-widget-container\">\n\t\t\t\t\t<h1 class=\"elementor-heading-title elementor-size-default\">Equipo<\/h1>\t\t\t\t<\/div>\n\t\t\t\t<\/div>\n\t\t\t\t\t<\/div>\n\t\t<\/div>\n\t\t\t\t\t<\/div>\n\t\t<\/section>\n\t\t\t\t<section class=\"elementor-section elementor-top-section elementor-element elementor-element-2bb7bedd elementor-section-boxed elementor-section-height-default elementor-section-height-default\" data-id=\"2bb7bedd\" data-element_type=\"section\">\n\t\t\t\t\t\t<div class=\"elementor-container elementor-column-gap-default\">\n\t\t\t\t\t<div class=\"elementor-column elementor-col-50 elementor-top-column elementor-element elementor-element-487f2e06 elementor-invisible\" data-id=\"487f2e06\" data-element_type=\"column\" data-settings=\"{&quot;animation&quot;:&quot;fadeInLeft&quot;}\">\n\t\t\t<div class=\"elementor-widget-wrap elementor-element-populated\">\n\t\t\t\t\t\t<div class=\"elementor-element elementor-element-2cc86151 elementor-widget elementor-widget-heading\" data-id=\"2cc86151\" data-element_type=\"widget\" data-widget_type=\"heading.default\">\n\t\t\t\t<div class=\"elementor-widget-container\">\n\t\t\t\t\t<h6 class=\"elementor-heading-title elementor-size-default\">Acerca del equipo<\/h6>\t\t\t\t<\/div>\n\t\t\t\t<\/div>\n\t\t\t\t<div class=\"elementor-element elementor-element-7ac5e4dc elementor-widget elementor-widget-heading\" data-id=\"7ac5e4dc\" data-element_type=\"widget\" data-widget_type=\"heading.default\">\n\t\t\t\t<div class=\"elementor-widget-container\">\n\t\t\t\t\t<h2 class=\"elementor-heading-title elementor-size-default\">El trabajo en equipo hace que el sue\u00f1o funcione.<\/h2>\t\t\t\t<\/div>\n\t\t\t\t<\/div>\n\t\t\t\t<div class=\"elementor-element elementor-element-7bc0fa3e elementor-widget elementor-widget-text-editor\" data-id=\"7bc0fa3e\" data-element_type=\"widget\" data-widget_type=\"text-editor.default\">\n\t\t\t\t<div class=\"elementor-widget-container\">\n\t\t\t\t\t\t\t\t\t<p>En River Bear Trading, nuestro equipo est\u00e1 en el coraz\u00f3n de todo lo que hacemos. Estamos formados por un grupo diverso de personas apasionadas por compartir la cultura y los productos de Colombia con el mundo. Desde nuestro equipo de atenci\u00f3n al cliente hasta nuestros expertos en log\u00edstica y compras, cada miembro desempe\u00f1a un papel vital para garantizar que nuestros clientes reciban la mejor experiencia posible.<br \/>We pride ourselves on having a dedicated team that works tirelessly to ensure quality, authenticity and customer satisfaction every step of the way.<\/p>\t\t\t\t\t\t\t\t<\/div>\n\t\t\t\t<\/div>\n\t\t\t\t<div class=\"elementor-element elementor-element-5c0cfaf3 elementor-widget elementor-widget-button\" data-id=\"5c0cfaf3\" data-element_type=\"widget\" data-widget_type=\"button.default\">\n\t\t\t\t<div class=\"elementor-widget-container\">\n\t\t\t\t\t\t\t\t\t<div class=\"elementor-button-wrapper\">\n\t\t\t\t\t<a class=\"elementor-button elementor-button-link elementor-size-md\" href=\"https:\/\/riverbeartrading.com\/es\/contact\/\">\n\t\t\t\t\t\t<span class=\"elementor-button-content-wrapper\">\n\t\t\t\t\t\t\t\t\t<span class=\"elementor-button-text\">Contacto<\/span>\n\t\t\t\t\t<\/span>\n\t\t\t\t\t<\/a>\n\t\t\t\t<\/div>\n\t\t\t\t\t\t\t\t<\/div>\n\t\t\t\t<\/div>\n\t\t\t\t\t<\/div>\n\t\t<\/div>\n\t\t\t\t<div class=\"elementor-column elementor-col-50 elementor-top-column elementor-element elementor-element-60c50f17\" data-id=\"60c50f17\" data-element_type=\"column\">\n\t\t\t<div class=\"elementor-widget-wrap elementor-element-populated\">\n\t\t\t\t\t\t<div class=\"elementor-element elementor-element-6b01af elementor-widget elementor-widget-image\" data-id=\"6b01af\" data-element_type=\"widget\" data-widget_type=\"image.default\">\n\t\t\t\t<div class=\"elementor-widget-container\">\n\t\t\t\t\t\t\t\t\t\t\t\t\t\t\t<img fetchpriority=\"high\" decoding=\"async\" width=\"2560\" height=\"1735\" src=\"https:\/\/riverbeartrading.com\/wp-content\/uploads\/2024\/04\/female-service-agent-orange-color-dresscode-holding-cardboard-box-presenting-her-business-card-scaled.jpg\" class=\"attachment-full size-full wp-image-18\" alt=\"\" srcset=\"https:\/\/riverbeartrading.com\/wp-content\/uploads\/2024\/04\/female-service-agent-orange-color-dresscode-holding-cardboard-box-presenting-her-business-card-scaled.jpg 2560w, https:\/\/riverbeartrading.com\/wp-content\/uploads\/2024\/04\/female-service-agent-orange-color-dresscode-holding-cardboard-box-presenting-her-business-card-scaled-600x407.jpg 600w, https:\/\/riverbeartrading.com\/wp-content\/uploads\/2024\/04\/female-service-agent-orange-color-dresscode-holding-cardboard-box-presenting-her-business-card-300x203.jpg 300w, https:\/\/riverbeartrading.com\/wp-content\/uploads\/2024\/04\/female-service-agent-orange-color-dresscode-holding-cardboard-box-presenting-her-business-card-1024x694.jpg 1024w, https:\/\/riverbeartrading.com\/wp-content\/uploads\/2024\/04\/female-service-agent-orange-color-dresscode-holding-cardboard-box-presenting-her-business-card-768x521.jpg 768w, https:\/\/riverbeartrading.com\/wp-content\/uploads\/2024\/04\/female-service-agent-orange-color-dresscode-holding-cardboard-box-presenting-her-business-card-1536x1041.jpg 1536w, https:\/\/riverbeartrading.com\/wp-content\/uploads\/2024\/04\/female-service-agent-orange-color-dresscode-holding-cardboard-box-presenting-her-business-card-2048x1388.jpg 2048w\" sizes=\"(max-width: 2560px) 100vw, 2560px\" \/>\t\t\t\t\t\t\t\t\t\t\t\t\t\t\t<\/div>\n\t\t\t\t<\/div>\n\t\t\t\t<div class=\"elementor-element elementor-element-6e763754 elementor-widget__width-auto elementor-absolute animated-slow elementor-invisible elementor-widget elementor-widget-image\" data-id=\"6e763754\" data-element_type=\"widget\" data-settings=\"{&quot;_position&quot;:&quot;absolute&quot;,&quot;_animation&quot;:&quot;zoomIn&quot;}\" data-widget_type=\"image.default\">\n\t\t\t\t<div class=\"elementor-widget-container\">\n\t\t\t\t\t\t\t\t\t\t\t\t\t\t\t<img decoding=\"async\" width=\"2223\" height=\"2210\" src=\"https:\/\/riverbeartrading.com\/wp-content\/uploads\/2024\/04\/Sin-titulo-1.png\" class=\"attachment-full size-full wp-image-821\" alt=\"\" srcset=\"https:\/\/riverbeartrading.com\/wp-content\/uploads\/2024\/04\/Sin-titulo-1.png 2223w, https:\/\/riverbeartrading.com\/wp-content\/uploads\/2024\/04\/Sin-titulo-1-300x298.png 300w, https:\/\/riverbeartrading.com\/wp-content\/uploads\/2024\/04\/Sin-titulo-1-1024x1018.png 1024w, https:\/\/riverbeartrading.com\/wp-content\/uploads\/2024\/04\/Sin-titulo-1-150x150.png 150w, https:\/\/riverbeartrading.com\/wp-content\/uploads\/2024\/04\/Sin-titulo-1-768x764.png 768w, https:\/\/riverbeartrading.com\/wp-content\/uploads\/2024\/04\/Sin-titulo-1-1536x1527.png 1536w, https:\/\/riverbeartrading.com\/wp-content\/uploads\/2024\/04\/Sin-titulo-1-2048x2036.png 2048w, https:\/\/riverbeartrading.com\/wp-content\/uploads\/2024\/04\/Sin-titulo-1-12x12.png 12w, https:\/\/riverbeartrading.com\/wp-content\/uploads\/2024\/04\/Sin-titulo-1-600x596.png 600w, https:\/\/riverbeartrading.com\/wp-content\/uploads\/2024\/04\/Sin-titulo-1-100x100.png 100w\" sizes=\"(max-width: 2223px) 100vw, 2223px\" \/>\t\t\t\t\t\t\t\t\t\t\t\t\t\t\t<\/div>\n\t\t\t\t<\/div>\n\t\t\t\t\t<\/div>\n\t\t<\/div>\n\t\t\t\t\t<\/div>\n\t\t<\/section>\n\t\t\t\t<section class=\"elementor-section elementor-top-section elementor-element elementor-element-45977fdc elementor-section-boxed elementor-section-height-default elementor-section-height-default\" data-id=\"45977fdc\" data-element_type=\"section\" data-settings=\"{&quot;background_background&quot;:&quot;classic&quot;}\">\n\t\t\t\t\t\t<div class=\"elementor-container elementor-column-gap-default\">\n\t\t\t\t\t<div class=\"elementor-column elementor-col-100 elementor-top-column elementor-element elementor-element-19189ef3\" data-id=\"19189ef3\" data-element_type=\"column\">\n\t\t\t<div class=\"elementor-widget-wrap elementor-element-populated\">\n\t\t\t\t\t\t<section class=\"elementor-section elementor-inner-section elementor-element elementor-element-3ef5dc48 elementor-section-boxed elementor-section-height-default elementor-section-height-default\" data-id=\"3ef5dc48\" data-element_type=\"section\">\n\t\t\t\t\t\t<div class=\"elementor-container elementor-column-gap-default\">\n\t\t\t\t\t<div class=\"elementor-column elementor-col-100 elementor-inner-column elementor-element elementor-element-65452112 elementor-invisible\" data-id=\"65452112\" data-element_type=\"column\" data-settings=\"{&quot;animation&quot;:&quot;fadeInUp&quot;}\">\n\t\t\t<div class=\"elementor-widget-wrap elementor-element-populated\">\n\t\t\t\t\t\t<div class=\"elementor-element elementor-element-6bb4bb9b elementor-widget elementor-widget-heading\" data-id=\"6bb4bb9b\" data-element_type=\"widget\" data-widget_type=\"heading.default\">\n\t\t\t\t<div class=\"elementor-widget-container\">\n\t\t\t\t\t<h6 class=\"elementor-heading-title elementor-size-default\">Conoce a nuestro equipo<\/h6>\t\t\t\t<\/div>\n\t\t\t\t<\/div>\n\t\t\t\t<div class=\"elementor-element elementor-element-42499783 elementor-widget elementor-widget-heading\" data-id=\"42499783\" data-element_type=\"widget\" data-widget_type=\"heading.default\">\n\t\t\t\t<div class=\"elementor-widget-container\">\n\t\t\t\t\t<h3 class=\"elementor-heading-title elementor-size-default\">Conoce al equipo que hace posible River Bear Trading y \u00fanete a nosotros en esta apasionante aventura.<\/h3>\t\t\t\t<\/div>\n\t\t\t\t<\/div>\n\t\t\t\t<div class=\"elementor-element elementor-element-639ff814 elementor-widget elementor-widget-text-editor\" data-id=\"639ff814\" data-element_type=\"widget\" data-widget_type=\"text-editor.default\">\n\t\t\t\t<div class=\"elementor-widget-container\">\n\t\t\t\t\t\t\t\t\t<p>Juntos, compartimos la visi\u00f3n de hacer de River Bear Trading el destino preferido para aquellos que buscan explorar y disfrutar de la riqueza de Colombia.<\/p>\t\t\t\t\t\t\t\t<\/div>\n\t\t\t\t<\/div>\n\t\t\t\t\t<\/div>\n\t\t<\/div>\n\t\t\t\t\t<\/div>\n\t\t<\/section>\n\t\t\t\t<section class=\"elementor-section elementor-inner-section elementor-element elementor-element-1d6a5faf elementor-section-boxed elementor-section-height-default elementor-section-height-default\" data-id=\"1d6a5faf\" data-element_type=\"section\">\n\t\t\t\t\t\t<div class=\"elementor-container elementor-column-gap-default\">\n\t\t\t\t\t<div class=\"elementor-column elementor-col-25 elementor-inner-column elementor-element elementor-element-1074351f elementor-invisible\" data-id=\"1074351f\" data-element_type=\"column\" data-settings=\"{&quot;background_background&quot;:&quot;classic&quot;,&quot;animation&quot;:&quot;zoomIn&quot;}\">\n\t\t\t<div class=\"elementor-widget-wrap elementor-element-populated\">\n\t\t\t\t\t\t<div class=\"elementor-element elementor-element-253ed7fe elementor-widget elementor-widget-image\" data-id=\"253ed7fe\" data-element_type=\"widget\" data-widget_type=\"image.default\">\n\t\t\t\t<div class=\"elementor-widget-container\">\n\t\t\t\t\t\t\t\t\t\t\t\t\t\t\t<img decoding=\"async\" width=\"400\" height=\"400\" src=\"https:\/\/riverbeartrading.com\/wp-content\/uploads\/2024\/04\/img__0007_Layer-1.jpg\" class=\"attachment-full size-full wp-image-98\" alt=\"\" srcset=\"https:\/\/riverbeartrading.com\/wp-content\/uploads\/2024\/04\/img__0007_Layer-1.jpg 400w, https:\/\/riverbeartrading.com\/wp-content\/uploads\/2024\/04\/img__0007_Layer-1-300x300.jpg 300w, https:\/\/riverbeartrading.com\/wp-content\/uploads\/2024\/04\/img__0007_Layer-1-100x100.jpg 100w, https:\/\/riverbeartrading.com\/wp-content\/uploads\/2024\/04\/img__0007_Layer-1-150x150.jpg 150w\" sizes=\"(max-width: 400px) 100vw, 400px\" \/>\t\t\t\t\t\t\t\t\t\t\t\t\t\t\t<\/div>\n\t\t\t\t<\/div>\n\t\t\t\t<div class=\"elementor-element elementor-element-766a67f4 elementor-widget elementor-widget-spacer\" data-id=\"766a67f4\" data-element_type=\"widget\" data-widget_type=\"spacer.default\">\n\t\t\t\t<div class=\"elementor-widget-container\">\n\t\t\t\t\t\t\t<div class=\"elementor-spacer\">\n\t\t\t<div class=\"elementor-spacer-inner\"><\/div>\n\t\t<\/div>\n\t\t\t\t\t\t<\/div>\n\t\t\t\t<\/div>\n\t\t\t\t<div class=\"elementor-element elementor-element-6d68b541 elementor-widget elementor-widget-heading\" data-id=\"6d68b541\" data-element_type=\"widget\" data-widget_type=\"heading.default\">\n\t\t\t\t<div class=\"elementor-widget-container\">\n\t\t\t\t\t<h4 class=\"elementor-heading-title elementor-size-default\">Alejandro<\/h4>\t\t\t\t<\/div>\n\t\t\t\t<\/div>\n\t\t\t\t<div class=\"elementor-element elementor-element-1adabfb0 elementor-widget elementor-widget-heading\" data-id=\"1adabfb0\" data-element_type=\"widget\" data-widget_type=\"heading.default\">\n\t\t\t\t<div class=\"elementor-widget-container\">\n\t\t\t\t\t<div class=\"elementor-heading-title elementor-size-default\">Founder<\/div>\t\t\t\t<\/div>\n\t\t\t\t<\/div>\n\t\t\t\t\t<\/div>\n\t\t<\/div>\n\t\t\t\t<div class=\"elementor-column elementor-col-25 elementor-inner-column elementor-element elementor-element-537ada77 elementor-invisible\" data-id=\"537ada77\" data-element_type=\"column\" data-settings=\"{&quot;background_background&quot;:&quot;classic&quot;,&quot;animation&quot;:&quot;zoomIn&quot;}\">\n\t\t\t<div class=\"elementor-widget-wrap elementor-element-populated\">\n\t\t\t\t\t\t<div class=\"elementor-element elementor-element-c4d82c3 elementor-widget elementor-widget-image\" data-id=\"c4d82c3\" data-element_type=\"widget\" data-widget_type=\"image.default\">\n\t\t\t\t<div class=\"elementor-widget-container\">\n\t\t\t\t\t\t\t\t\t\t\t\t\t\t\t<img loading=\"lazy\" decoding=\"async\" width=\"400\" height=\"400\" src=\"https:\/\/riverbeartrading.com\/wp-content\/uploads\/2024\/04\/img__0002_Layer-6.jpg\" class=\"attachment-full size-full wp-image-101\" alt=\"\" srcset=\"https:\/\/riverbeartrading.com\/wp-content\/uploads\/2024\/04\/img__0002_Layer-6.jpg 400w, https:\/\/riverbeartrading.com\/wp-content\/uploads\/2024\/04\/img__0002_Layer-6-300x300.jpg 300w, https:\/\/riverbeartrading.com\/wp-content\/uploads\/2024\/04\/img__0002_Layer-6-100x100.jpg 100w, https:\/\/riverbeartrading.com\/wp-content\/uploads\/2024\/04\/img__0002_Layer-6-150x150.jpg 150w\" sizes=\"(max-width: 400px) 100vw, 400px\" \/>\t\t\t\t\t\t\t\t\t\t\t\t\t\t\t<\/div>\n\t\t\t\t<\/div>\n\t\t\t\t<div class=\"elementor-element elementor-element-21d67d27 elementor-widget elementor-widget-spacer\" data-id=\"21d67d27\" data-element_type=\"widget\" data-widget_type=\"spacer.default\">\n\t\t\t\t<div class=\"elementor-widget-container\">\n\t\t\t\t\t\t\t<div class=\"elementor-spacer\">\n\t\t\t<div class=\"elementor-spacer-inner\"><\/div>\n\t\t<\/div>\n\t\t\t\t\t\t<\/div>\n\t\t\t\t<\/div>\n\t\t\t\t<div class=\"elementor-element elementor-element-194537f6 elementor-widget elementor-widget-heading\" data-id=\"194537f6\" data-element_type=\"widget\" data-widget_type=\"heading.default\">\n\t\t\t\t<div class=\"elementor-widget-container\">\n\t\t\t\t\t<h4 class=\"elementor-heading-title elementor-size-default\">Katherine Potter<\/h4>\t\t\t\t<\/div>\n\t\t\t\t<\/div>\n\t\t\t\t<div class=\"elementor-element elementor-element-62e35a82 elementor-widget elementor-widget-heading\" data-id=\"62e35a82\" data-element_type=\"widget\" data-widget_type=\"heading.default\">\n\t\t\t\t<div class=\"elementor-widget-container\">\n\t\t\t\t\t<div class=\"elementor-heading-title elementor-size-default\">Co-Founder<\/div>\t\t\t\t<\/div>\n\t\t\t\t<\/div>\n\t\t\t\t\t<\/div>\n\t\t<\/div>\n\t\t\t\t<div class=\"elementor-column elementor-col-25 elementor-inner-column elementor-element elementor-element-414b237d elementor-invisible\" data-id=\"414b237d\" data-element_type=\"column\" data-settings=\"{&quot;background_background&quot;:&quot;classic&quot;,&quot;animation&quot;:&quot;zoomIn&quot;}\">\n\t\t\t<div class=\"elementor-widget-wrap elementor-element-populated\">\n\t\t\t\t\t\t<div class=\"elementor-element elementor-element-2e29afe0 elementor-widget elementor-widget-image\" data-id=\"2e29afe0\" data-element_type=\"widget\" data-widget_type=\"image.default\">\n\t\t\t\t<div class=\"elementor-widget-container\">\n\t\t\t\t\t\t\t\t\t\t\t\t\t\t\t<img loading=\"lazy\" decoding=\"async\" width=\"400\" height=\"400\" src=\"https:\/\/riverbeartrading.com\/wp-content\/uploads\/2024\/04\/img__0005_Layer-3.jpg\" class=\"attachment-full size-full wp-image-99\" alt=\"\" srcset=\"https:\/\/riverbeartrading.com\/wp-content\/uploads\/2024\/04\/img__0005_Layer-3.jpg 400w, https:\/\/riverbeartrading.com\/wp-content\/uploads\/2024\/04\/img__0005_Layer-3-300x300.jpg 300w, https:\/\/riverbeartrading.com\/wp-content\/uploads\/2024\/04\/img__0005_Layer-3-100x100.jpg 100w, https:\/\/riverbeartrading.com\/wp-content\/uploads\/2024\/04\/img__0005_Layer-3-150x150.jpg 150w\" sizes=\"(max-width: 400px) 100vw, 400px\" \/>\t\t\t\t\t\t\t\t\t\t\t\t\t\t\t<\/div>\n\t\t\t\t<\/div>\n\t\t\t\t<div class=\"elementor-element elementor-element-2e3a9a9a elementor-widget elementor-widget-spacer\" data-id=\"2e3a9a9a\" data-element_type=\"widget\" data-widget_type=\"spacer.default\">\n\t\t\t\t<div class=\"elementor-widget-container\">\n\t\t\t\t\t\t\t<div class=\"elementor-spacer\">\n\t\t\t<div class=\"elementor-spacer-inner\"><\/div>\n\t\t<\/div>\n\t\t\t\t\t\t<\/div>\n\t\t\t\t<\/div>\n\t\t\t\t<div class=\"elementor-element elementor-element-171d27ed elementor-widget elementor-widget-heading\" data-id=\"171d27ed\" data-element_type=\"widget\" data-widget_type=\"heading.default\">\n\t\t\t\t<div class=\"elementor-widget-container\">\n\t\t\t\t\t<h4 class=\"elementor-heading-title elementor-size-default\">Reuben Reynolds<\/h4>\t\t\t\t<\/div>\n\t\t\t\t<\/div>\n\t\t\t\t<div class=\"elementor-element elementor-element-7fc804f4 elementor-widget elementor-widget-heading\" data-id=\"7fc804f4\" data-element_type=\"widget\" data-widget_type=\"heading.default\">\n\t\t\t\t<div class=\"elementor-widget-container\">\n\t\t\t\t\t<div class=\"elementor-heading-title elementor-size-default\">Admin<\/div>\t\t\t\t<\/div>\n\t\t\t\t<\/div>\n\t\t\t\t\t<\/div>\n\t\t<\/div>\n\t\t\t\t<div class=\"elementor-column elementor-col-25 elementor-inner-column elementor-element elementor-element-5c46b3c4 elementor-invisible\" data-id=\"5c46b3c4\" data-element_type=\"column\" data-settings=\"{&quot;background_background&quot;:&quot;classic&quot;,&quot;animation&quot;:&quot;zoomIn&quot;}\">\n\t\t\t<div class=\"elementor-widget-wrap elementor-element-populated\">\n\t\t\t\t\t\t<div class=\"elementor-element elementor-element-315e052f elementor-widget elementor-widget-image\" data-id=\"315e052f\" data-element_type=\"widget\" data-widget_type=\"image.default\">\n\t\t\t\t<div class=\"elementor-widget-container\">\n\t\t\t\t\t\t\t\t\t\t\t\t\t\t\t<img loading=\"lazy\" decoding=\"async\" width=\"400\" height=\"400\" src=\"https:\/\/riverbeartrading.com\/wp-content\/uploads\/2024\/04\/img__0004_Layer-4.jpg\" class=\"attachment-full size-full wp-image-100\" alt=\"\" srcset=\"https:\/\/riverbeartrading.com\/wp-content\/uploads\/2024\/04\/img__0004_Layer-4.jpg 400w, https:\/\/riverbeartrading.com\/wp-content\/uploads\/2024\/04\/img__0004_Layer-4-300x300.jpg 300w, https:\/\/riverbeartrading.com\/wp-content\/uploads\/2024\/04\/img__0004_Layer-4-100x100.jpg 100w, https:\/\/riverbeartrading.com\/wp-content\/uploads\/2024\/04\/img__0004_Layer-4-150x150.jpg 150w\" sizes=\"(max-width: 400px) 100vw, 400px\" \/>\t\t\t\t\t\t\t\t\t\t\t\t\t\t\t<\/div>\n\t\t\t\t<\/div>\n\t\t\t\t<div class=\"elementor-element elementor-element-f17ed6e elementor-widget elementor-widget-spacer\" data-id=\"f17ed6e\" data-element_type=\"widget\" data-widget_type=\"spacer.default\">\n\t\t\t\t<div class=\"elementor-widget-container\">\n\t\t\t\t\t\t\t<div class=\"elementor-spacer\">\n\t\t\t<div class=\"elementor-spacer-inner\"><\/div>\n\t\t<\/div>\n\t\t\t\t\t\t<\/div>\n\t\t\t\t<\/div>\n\t\t\t\t<div class=\"elementor-element elementor-element-43876230 elementor-widget elementor-widget-heading\" data-id=\"43876230\" data-element_type=\"widget\" data-widget_type=\"heading.default\">\n\t\t\t\t<div class=\"elementor-widget-container\">\n\t\t\t\t\t<h4 class=\"elementor-heading-title elementor-size-default\">Bobby Bradley<\/h4>\t\t\t\t<\/div>\n\t\t\t\t<\/div>\n\t\t\t\t<div class=\"elementor-element elementor-element-423126e7 elementor-widget elementor-widget-heading\" data-id=\"423126e7\" data-element_type=\"widget\" data-widget_type=\"heading.default\">\n\t\t\t\t<div class=\"elementor-widget-container\">\n\t\t\t\t\t<div class=\"elementor-heading-title elementor-size-default\">Trading<\/div>\t\t\t\t<\/div>\n\t\t\t\t<\/div>\n\t\t\t\t\t<\/div>\n\t\t<\/div>\n\t\t\t\t\t<\/div>\n\t\t<\/section>\n\t\t\t\t\t<\/div>\n\t\t<\/div>\n\t\t\t\t\t<\/div>\n\t\t<\/section>\n\t\t\t\t<section class=\"elementor-section elementor-top-section elementor-element elementor-element-1ebd977 elementor-section-boxed elementor-section-height-default elementor-section-height-default\" data-id=\"1ebd977\" data-element_type=\"section\">\n\t\t\t\t\t\t<div class=\"elementor-container elementor-column-gap-default\">\n\t\t\t\t\t<div class=\"elementor-column elementor-col-100 elementor-top-column elementor-element elementor-element-13e7a81\" data-id=\"13e7a81\" data-element_type=\"column\" data-settings=\"{&quot;background_background&quot;:&quot;classic&quot;}\">\n\t\t\t<div class=\"elementor-widget-wrap elementor-element-populated\">\n\t\t\t\t\t<div class=\"elementor-background-overlay\"><\/div>\n\t\t\t\t\t\t<section class=\"elementor-section elementor-inner-section elementor-element elementor-element-e273cdd elementor-section-boxed elementor-section-height-default elementor-section-height-default\" data-id=\"e273cdd\" data-element_type=\"section\">\n\t\t\t\t\t\t<div class=\"elementor-container elementor-column-gap-default\">\n\t\t\t\t\t<div class=\"elementor-column elementor-col-100 elementor-inner-column elementor-element elementor-element-497e83b elementor-invisible\" data-id=\"497e83b\" data-element_type=\"column\" data-settings=\"{&quot;animation&quot;:&quot;fadeInUp&quot;}\">\n\t\t\t<div class=\"elementor-widget-wrap elementor-element-populated\">\n\t\t\t\t\t\t<div class=\"elementor-element elementor-element-f07e882 elementor-widget elementor-widget-heading\" data-id=\"f07e882\" data-element_type=\"widget\" data-widget_type=\"heading.default\">\n\t\t\t\t<div class=\"elementor-widget-container\">\n\t\t\t\t\t<h2 class=\"elementor-heading-title elementor-size-default\">No te pierdas esta incre\u00edble oferta<\/h2>\t\t\t\t<\/div>\n\t\t\t\t<\/div>\n\t\t\t\t<div class=\"elementor-element elementor-element-9ec9e64 elementor-widget elementor-widget-text-editor\" data-id=\"9ec9e64\" data-element_type=\"widget\" data-widget_type=\"text-editor.default\">\n\t\t\t\t<div class=\"elementor-widget-container\">\n\t\t\t\t\t\t\t\t\t<p>Es tu oportunidad perfecta para explorar nuestra selecci\u00f3n de alta calidad de los productos Colombianos a precios m\u00e1s econ\u00f3micos.<\/p>\t\t\t\t\t\t\t\t<\/div>\n\t\t\t\t<\/div>\n\t\t\t\t<div class=\"elementor-element elementor-element-8d9485c elementor-align-center elementor-widget elementor-widget-button\" data-id=\"8d9485c\" data-element_type=\"widget\" data-widget_type=\"button.default\">\n\t\t\t\t<div class=\"elementor-widget-container\">\n\t\t\t\t\t\t\t\t\t<div class=\"elementor-button-wrapper\">\n\t\t\t\t\t<a class=\"elementor-button elementor-button-link elementor-size-md\" href=\"https:\/\/riverbeartrading.com\/es\/shop\/\">\n\t\t\t\t\t\t<span class=\"elementor-button-content-wrapper\">\n\t\t\t\t\t\t<span class=\"elementor-button-icon\">\n\t\t\t\t<svg aria-hidden=\"true\" class=\"e-font-icon-svg e-fas-shopping-bag\" viewbox=\"0 0 448 512\" xmlns=\"http:\/\/www.w3.org\/2000\/svg\"><path d=\"M352 160v-32C352 57.42 294.579 0 224 0 153.42 0 96 57.42 96 128v32H0v272c0 44.183 35.817 80 80 80h288c44.183 0 80-35.817 80-80V160h-96zm-192-32c0-35.29 28.71-64 64-64s64 28.71 64 64v32H160v-32zm160 120c-13.255 0-24-10.745-24-24s10.745-24 24-24 24 10.745 24 24-10.745 24-24 24zm-192 0c-13.255 0-24-10.745-24-24s10.745-24 24-24 24 10.745 24 24-10.745 24-24 24z\"><\/path><\/svg>\t\t\t<\/span>\n\t\t\t\t\t\t\t\t\t<span class=\"elementor-button-text\">Compre Ahora<\/span>\n\t\t\t\t\t<\/span>\n\t\t\t\t\t<\/a>\n\t\t\t\t<\/div>\n\t\t\t\t\t\t\t\t<\/div>\n\t\t\t\t<\/div>\n\t\t\t\t\t<\/div>\n\t\t<\/div>\n\t\t\t\t\t<\/div>\n\t\t<\/section>\n\t\t\t\t\t<\/div>\n\t\t<\/div>\n\t\t\t\t\t<\/div>\n\t\t<\/section>\n\t\t\t\t<\/div>","protected":false},"excerpt":{"rendered":"<p>About Team Teamwork makes the dream work. At River Bear Trading, our team is at the heart of everything we do. We are made up of a diverse group of individuals passionate about sharing the culture and products of Colombia with the world. From our customer service team to our logistics and procurement experts, each [&hellip;]<\/p>","protected":false},"author":1,"featured_media":0,"parent":0,"menu_order":0,"comment_status":"closed","ping_status":"closed","template":"","meta":{"footnotes":""},"class_list":["post-92","page","type-page","status-publish","hentry"],"_links":{"self":[{"href":"https:\/\/riverbeartrading.com\/es\/wp-json\/wp\/v2\/pages\/92"}],"collection":[{"href":"https:\/\/riverbeartrading.com\/es\/wp-json\/wp\/v2\/pages"}],"about":[{"href":"https:\/\/riverbeartrading.com\/es\/wp-json\/wp\/v2\/types\/page"}],"author":[{"embeddable":true,"href":"https:\/\/riverbeartrading.com\/es\/wp-json\/wp\/v2\/users\/1"}],"replies":[{"embeddable":true,"href":"https:\/\/riverbeartrading.com\/es\/wp-json\/wp\/v2\/comments?post=92"}],"version-history":[{"count":64,"href":"https:\/\/riverbeartrading.com\/es\/wp-json\/wp\/v2\/pages\/92\/revisions"}],"predecessor-version":[{"id":831,"href":"https:\/\/riverbeartrading.com\/es\/wp-json\/wp\/v2\/pages\/92\/revisions\/831"}],"wp:attachment":[{"href":"https:\/\/riverbeartrading.com\/es\/wp-json\/wp\/v2\/media?parent=92"}],"curies":[{"name":"wp","href":"https:\/\/api.w.org\/{rel}","templated":true}]}}