{"id":634,"date":"2024-04-25T14:17:49","date_gmt":"2024-04-25T14:17:49","guid":{"rendered":"https:\/\/riverbeartrading.com\/?post_type=product&#038;p=634"},"modified":"2026-03-11T07:53:57","modified_gmt":"2026-03-11T11:53:57","slug":"flott-coffee-caturra","status":"publish","type":"product","link":"https:\/\/riverbeartrading.com\/es\/producto\/flott-coffee-caturra\/","title":{"rendered":"Flott Caf\u00e9 Caturra"},"content":{"rendered":"<p>Caf\u00e9 seleccionado con 18 horas de la cereza de la fermentaci\u00f3n y 30 horas de fermentaci\u00f3n anaerobia.<\/p>\n<p><strong>Cuerpo:<\/strong>Medio.<\/p>\n<p><strong>Acidez:<\/strong>Acidez c\u00edtrica, media.<\/p>\n<p><strong>Dulzura:<\/strong>Alta.<\/p>\n<p><strong>Sabor Residual:<\/strong>Persistente.<\/p>","protected":false},"excerpt":{"rendered":"<p><strong>Sabor:<\/strong> Chocolate, caramelo, cereza y nuez.<\/p>\n<p><strong>Aroma:<\/strong> Mora, nuez, chocolate y panela.<\/p>","protected":false},"featured_media":631,"comment_status":"open","ping_status":"closed","template":"","meta":[],"product_brand":[],"product_cat":[28],"product_tag":[30],"class_list":{"0":"post-634","1":"product","2":"type-product","3":"status-publish","4":"has-post-thumbnail","6":"product_cat-coffee","7":"product_tag-coffee","9":"first","10":"instock","11":"sold-individually","12":"taxable","13":"shipping-taxable","14":"purchasable","15":"product-type-simple"},"_links":{"self":[{"href":"https:\/\/riverbeartrading.com\/es\/wp-json\/wp\/v2\/product\/634"}],"collection":[{"href":"https:\/\/riverbeartrading.com\/es\/wp-json\/wp\/v2\/product"}],"about":[{"href":"https:\/\/riverbeartrading.com\/es\/wp-json\/wp\/v2\/types\/product"}],"replies":[{"embeddable":true,"href":"https:\/\/riverbeartrading.com\/es\/wp-json\/wp\/v2\/comments?post=634"}],"wp:featuredmedia":[{"embeddable":true,"href":"https:\/\/riverbeartrading.com\/es\/wp-json\/wp\/v2\/media\/631"}],"wp:attachment":[{"href":"https:\/\/riverbeartrading.com\/es\/wp-json\/wp\/v2\/media?parent=634"}],"wp:term":[{"taxonomy":"product_brand","embeddable":true,"href":"https:\/\/riverbeartrading.com\/es\/wp-json\/wp\/v2\/product_brand?post=634"},{"taxonomy":"product_cat","embeddable":true,"href":"https:\/\/riverbeartrading.com\/es\/wp-json\/wp\/v2\/product_cat?post=634"},{"taxonomy":"product_tag","embeddable":true,"href":"https:\/\/riverbeartrading.com\/es\/wp-json\/wp\/v2\/product_tag?post=634"}],"curies":[{"name":"wp","href":"https:\/\/api.w.org\/{rel}","templated":true}]}}