{"id":635,"date":"2024-04-25T14:22:03","date_gmt":"2024-04-25T14:22:03","guid":{"rendered":"https:\/\/riverbeartrading.com\/?post_type=product&#038;p=635"},"modified":"2025-04-08T09:39:14","modified_gmt":"2025-04-08T13:39:14","slug":"flott-coffee-castillo","status":"publish","type":"product","link":"https:\/\/riverbeartrading.com\/es\/producto\/flott-coffee-castillo\/","title":{"rendered":"Flott Caf\u00e9 Castillo"},"content":{"rendered":"<p>Caf\u00e9 seleccionado con 18 horas de la cereza de la fermentaci\u00f3n y de las 48 horas de fermentaci\u00f3n aer\u00f3bica.<\/p>\n<p><strong>Cuerpo:<\/strong>Jugoso y aterciopelado a fruta.<\/p>\n<p><strong>Acidez:<\/strong>Acidez c\u00edtrica, media.<\/p>\n<p><strong>Dulzura:<\/strong>Alta afrutado.<\/p>\n<p><strong>Sabor Residual: <\/strong>Agradable a panela.<\/p>","protected":false},"excerpt":{"rendered":"<p><strong>Sabor:<\/strong> Albaricoque, chocolate dulce, panela y vainilla.<\/p>\n<p><strong>Aroma:<\/strong> Miel, caramelo, panela y vainilla.<\/p>","protected":false},"featured_media":630,"comment_status":"open","ping_status":"closed","template":"","meta":[],"product_brand":[],"product_cat":[28],"product_tag":[30],"class_list":{"0":"post-635","1":"product","2":"type-product","3":"status-publish","4":"has-post-thumbnail","6":"product_cat-coffee","7":"product_tag-coffee","9":"first","10":"instock","11":"sold-individually","12":"taxable","13":"shipping-taxable","14":"purchasable","15":"product-type-simple"},"_links":{"self":[{"href":"https:\/\/riverbeartrading.com\/es\/wp-json\/wp\/v2\/product\/635"}],"collection":[{"href":"https:\/\/riverbeartrading.com\/es\/wp-json\/wp\/v2\/product"}],"about":[{"href":"https:\/\/riverbeartrading.com\/es\/wp-json\/wp\/v2\/types\/product"}],"replies":[{"embeddable":true,"href":"https:\/\/riverbeartrading.com\/es\/wp-json\/wp\/v2\/comments?post=635"}],"wp:featuredmedia":[{"embeddable":true,"href":"https:\/\/riverbeartrading.com\/es\/wp-json\/wp\/v2\/media\/630"}],"wp:attachment":[{"href":"https:\/\/riverbeartrading.com\/es\/wp-json\/wp\/v2\/media?parent=635"}],"wp:term":[{"taxonomy":"product_brand","embeddable":true,"href":"https:\/\/riverbeartrading.com\/es\/wp-json\/wp\/v2\/product_brand?post=635"},{"taxonomy":"product_cat","embeddable":true,"href":"https:\/\/riverbeartrading.com\/es\/wp-json\/wp\/v2\/product_cat?post=635"},{"taxonomy":"product_tag","embeddable":true,"href":"https:\/\/riverbeartrading.com\/es\/wp-json\/wp\/v2\/product_tag?post=635"}],"curies":[{"name":"wp","href":"https:\/\/api.w.org\/{rel}","templated":true}]}}